{"id":2248,"date":"2019-02-20T10:46:02","date_gmt":"2019-02-20T09:46:02","guid":{"rendered":"https:\/\/casisasteel.com\/amplia-gama-de-productos\/"},"modified":"2019-08-29T12:27:05","modified_gmt":"2019-08-29T10:27:05","slug":"acheter-fer-blanc-tfs-fer-blanc","status":"publish","type":"page","link":"https:\/\/casisasteel.com\/fr\/acheter-fer-blanc-tfs-fer-blanc\/","title":{"rendered":"Large Gamme de Produits"},"content":{"rendered":"<div class=\"wpb-content-wrapper\"><p>[vc_row type=\u00a0\u00bbvc_default\u00a0\u00bb css=\u00a0\u00bb.vc_custom_1476008791393{padding-top: 70px !important;padding-bottom: 25px !important;}\u00a0\u00bb][vc_column css_animation=\u00a0\u00bbfadeInLeft\u00a0\u00bb width=\u00a0\u00bb1\/2&Prime; offset=\u00a0\u00bbvc_col-lg-6 vc_col-md-6 vc_col-xs-12&Prime; css=\u00a0\u00bb.vc_custom_1550154605663{padding-bottom: 50px !important;}\u00a0\u00bb]<div id=\"ultimate-heading-215869f42c64711e9\" class=\"uvc-heading ult-adjust-bottom-margin ultimate-heading-215869f42c64711e9 uvc-1955 \" data-hspacer=\"no_spacer\"  data-halign=\"left\" style=\"text-align:left\"><div class=\"uvc-heading-spacer no_spacer\" style=\"top\"><\/div><div class=\"uvc-main-heading ult-responsive\"  data-ultimate-target='.uvc-heading.ultimate-heading-215869f42c64711e9 h2'  data-responsive-json-new='{\"font-size\":\"desktop:26px;\",\"line-height\":\"desktop:32px;\"}' ><h2 style=\"font-weight:bold;margin-bottom:20px;\">TRES LARGE GAMME DE PRODUITS<\/h2><\/div><\/div><div class=\"standard-arrow list-divider bullet-top\"><ul>\n<li>\n<div><strong>Plus de 10 000 tonnes de materiel disponible.<\/strong><\/div>\n<\/li>\n<li>\n<div><strong>Un service de recherche express de produits en usines ou dans nos centres de service partenaire.<\/strong><\/div>\n<\/li>\n<li>\n<div><strong>Une \u00e9quipe \u00e0 votre disposition pour g\u00e9rer un stock de s\u00e9curit\u00e9 d\u00e9di\u00e9.<\/strong><\/div>\n<\/li>\n<li>\n<div><strong>Une offre couvrant toute la gamme d\u2019aciers destin\u00e9s \u00e0 la production d\u2019emballages.<\/strong><\/div>\n<\/li>\n<\/ul>\n<\/div>[\/vc_column][vc_column css_animation=\u00a0\u00bbfadeInRight\u00a0\u00bb width=\u00a0\u00bb1\/2&Prime; offset=\u00a0\u00bbvc_col-lg-6 vc_col-md-6 vc_col-xs-12&Prime; css=\u00a0\u00bb.vc_custom_1550154616298{padding-bottom: 50px !important;}\u00a0\u00bb]<style type=\"text\/css\" data-type=\"the7_shortcodes-inline-css\">.gallery-shortcode.gallery-masonry-shortcode-id-f97e6be7e9b1276aad2bdb1794ba4aa4 figure,\n.gallery-shortcode.gallery-masonry-shortcode-id-f97e6be7e9b1276aad2bdb1794ba4aa4 .rollover,\n.gallery-shortcode.gallery-masonry-shortcode-id-f97e6be7e9b1276aad2bdb1794ba4aa4 img,\n.gallery-shortcode.gallery-masonry-shortcode-id-f97e6be7e9b1276aad2bdb1794ba4aa4 .gallery-rollover {\n  border-radius: 1px;\n}\n.gallery-shortcode.gallery-masonry-shortcode-id-f97e6be7e9b1276aad2bdb1794ba4aa4.enable-bg-rollover .gallery-rollover {\n  background: -webkit-linear-gradient();\n  background: linear-gradient();\n}\n.gallery-shortcode.gallery-masonry-shortcode-id-f97e6be7e9b1276aad2bdb1794ba4aa4.enable-bg-rollover.hover-scale figure .rollover:after {\n  background: -webkit-linear-gradient();\n  background: linear-gradient();\n}\n.gallery-shortcode.gallery-masonry-shortcode-id-f97e6be7e9b1276aad2bdb1794ba4aa4 .gallery-zoom-ico {\n  width: 44px;\n  height: 44px;\n  line-height: 44px;\n  border-radius: 100px;\n  margin: -22px 0 0 -22px;\n  border-width: 0px;\n  color: #ffffff;\n}\n.dt-icon-bg-on.gallery-shortcode.gallery-masonry-shortcode-id-f97e6be7e9b1276aad2bdb1794ba4aa4 .gallery-zoom-ico {\n  background: rgba(255,255,255,0.3);\n  box-shadow: none;\n}\n.gallery-shortcode.gallery-masonry-shortcode-id-f97e6be7e9b1276aad2bdb1794ba4aa4 .gallery-zoom-ico:before,\n.gallery-shortcode.gallery-masonry-shortcode-id-f97e6be7e9b1276aad2bdb1794ba4aa4 .gallery-zoom-ico span {\n  font-size: 32px;\n  line-height: 44px;\n  color: #ffffff;\n}\n.gallery-shortcode.gallery-masonry-shortcode-id-f97e6be7e9b1276aad2bdb1794ba4aa4:not(.resize-by-browser-width) .dt-css-grid {\n  grid-row-gap: 20px;\n  grid-column-gap: 20px;\n  grid-template-columns: repeat(auto-fill,minmax(,1fr));\n}\n.gallery-shortcode.gallery-masonry-shortcode-id-f97e6be7e9b1276aad2bdb1794ba4aa4:not(.resize-by-browser-width) .dt-css-grid .double-width {\n  grid-column: span 2;\n}\n.cssgridlegacy.no-cssgrid .gallery-shortcode.gallery-masonry-shortcode-id-f97e6be7e9b1276aad2bdb1794ba4aa4:not(.resize-by-browser-width) .dt-css-grid,\n.no-cssgridlegacy.no-cssgrid .gallery-shortcode.gallery-masonry-shortcode-id-f97e6be7e9b1276aad2bdb1794ba4aa4:not(.resize-by-browser-width) .dt-css-grid {\n  display: flex;\n  flex-flow: row wrap;\n  margin: -10px;\n}\n.cssgridlegacy.no-cssgrid .gallery-shortcode.gallery-masonry-shortcode-id-f97e6be7e9b1276aad2bdb1794ba4aa4:not(.resize-by-browser-width) .dt-css-grid .wf-cell,\n.no-cssgridlegacy.no-cssgrid .gallery-shortcode.gallery-masonry-shortcode-id-f97e6be7e9b1276aad2bdb1794ba4aa4:not(.resize-by-browser-width) .dt-css-grid .wf-cell {\n  flex: 1 0 ;\n  max-width: 100%;\n  padding: 10px;\n  box-sizing: border-box;\n}\n.gallery-shortcode.gallery-masonry-shortcode-id-f97e6be7e9b1276aad2bdb1794ba4aa4.resize-by-browser-width .dt-css-grid {\n  grid-template-columns: repeat(2,1fr);\n  grid-template-rows: auto;\n  grid-column-gap: 20px;\n  grid-row-gap: 20px;\n}\n.gallery-shortcode.gallery-masonry-shortcode-id-f97e6be7e9b1276aad2bdb1794ba4aa4.resize-by-browser-width .dt-css-grid .double-width {\n  grid-column: span 2;\n}\n.cssgridlegacy.no-cssgrid .gallery-shortcode.gallery-masonry-shortcode-id-f97e6be7e9b1276aad2bdb1794ba4aa4.resize-by-browser-width .dt-css-grid {\n  margin: -10px;\n}\n.cssgridlegacy.no-cssgrid .gallery-shortcode.gallery-masonry-shortcode-id-f97e6be7e9b1276aad2bdb1794ba4aa4.resize-by-browser-width .dt-css-grid .wf-cell {\n  width: 50%;\n  padding: 10px;\n}\n.cssgridlegacy.no-cssgrid .gallery-shortcode.gallery-masonry-shortcode-id-f97e6be7e9b1276aad2bdb1794ba4aa4.resize-by-browser-width .dt-css-grid .wf-cell.double-width {\n  width: calc(50%) * 2;\n}\n.gallery-shortcode.gallery-masonry-shortcode-id-f97e6be7e9b1276aad2bdb1794ba4aa4.resize-by-browser-width:not(.centered-layout-list):not(.content-bg-on) .dt-css-grid {\n  grid-row-gap: 20px - ;\n}\n@media screen and (max-width: 1199px) {\n  .gallery-shortcode.gallery-masonry-shortcode-id-f97e6be7e9b1276aad2bdb1794ba4aa4.resize-by-browser-width .dt-css-grid {\n    grid-template-columns: repeat(2,1fr);\n  }\n  .cssgridlegacy.no-cssgrid .gallery-shortcode.gallery-masonry-shortcode-id-f97e6be7e9b1276aad2bdb1794ba4aa4.resize-by-browser-width .dt-css-grid .wf-cell,\n  .no-cssgridlegacy.no-cssgrid .gallery-shortcode.gallery-masonry-shortcode-id-f97e6be7e9b1276aad2bdb1794ba4aa4.resize-by-browser-width .dt-css-grid .wf-cell {\n    width: 50%;\n  }\n  .cssgridlegacy.no-cssgrid .gallery-shortcode.gallery-masonry-shortcode-id-f97e6be7e9b1276aad2bdb1794ba4aa4.resize-by-browser-width .dt-css-grid .wf-cell.double-width,\n  .no-cssgridlegacy.no-cssgrid .gallery-shortcode.gallery-masonry-shortcode-id-f97e6be7e9b1276aad2bdb1794ba4aa4.resize-by-browser-width .dt-css-grid .wf-cell.double-width {\n    width: calc(50%)*2;\n  }\n}\n@media screen and (max-width: 991px) {\n  .gallery-shortcode.gallery-masonry-shortcode-id-f97e6be7e9b1276aad2bdb1794ba4aa4.resize-by-browser-width .dt-css-grid {\n    grid-template-columns: repeat(2,1fr);\n  }\n  .cssgridlegacy.no-cssgrid .gallery-shortcode.gallery-masonry-shortcode-id-f97e6be7e9b1276aad2bdb1794ba4aa4.resize-by-browser-width .dt-css-grid .wf-cell,\n  .no-cssgridlegacy.no-cssgrid .gallery-shortcode.gallery-masonry-shortcode-id-f97e6be7e9b1276aad2bdb1794ba4aa4.resize-by-browser-width .dt-css-grid .wf-cell {\n    width: 50%;\n  }\n  .cssgridlegacy.no-cssgrid .gallery-shortcode.gallery-masonry-shortcode-id-f97e6be7e9b1276aad2bdb1794ba4aa4.resize-by-browser-width .dt-css-grid .wf-cell.double-width,\n  .no-cssgridlegacy.no-cssgrid .gallery-shortcode.gallery-masonry-shortcode-id-f97e6be7e9b1276aad2bdb1794ba4aa4.resize-by-browser-width .dt-css-grid .wf-cell.double-width {\n    width: calc(50%)*2;\n  }\n}\n@media screen and (max-width: 767px) {\n  .gallery-shortcode.gallery-masonry-shortcode-id-f97e6be7e9b1276aad2bdb1794ba4aa4.resize-by-browser-width .dt-css-grid {\n    grid-template-columns: repeat(1,1fr);\n  }\n  .cssgridlegacy.no-cssgrid .gallery-shortcode.gallery-masonry-shortcode-id-f97e6be7e9b1276aad2bdb1794ba4aa4.resize-by-browser-width .dt-css-grid .wf-cell,\n  .no-cssgridlegacy.no-cssgrid .gallery-shortcode.gallery-masonry-shortcode-id-f97e6be7e9b1276aad2bdb1794ba4aa4.resize-by-browser-width .dt-css-grid .wf-cell {\n    width: 100%;\n  }\n  .cssgridlegacy.no-cssgrid .gallery-shortcode.gallery-masonry-shortcode-id-f97e6be7e9b1276aad2bdb1794ba4aa4.resize-by-browser-width .dt-css-grid .wf-cell.double-width,\n  .no-cssgridlegacy.no-cssgrid .gallery-shortcode.gallery-masonry-shortcode-id-f97e6be7e9b1276aad2bdb1794ba4aa4.resize-by-browser-width .dt-css-grid .wf-cell.double-width {\n    width: calc(100%)*2;\n  }\n}\n<\/style><div class=\"gallery-shortcode dt-gallery-container gallery-masonry-shortcode-id-f97e6be7e9b1276aad2bdb1794ba4aa4 mode-grid jquery-filter dt-icon-bg-off quick-scale-img dt-css-grid-wrap enable-bg-rollover resize-by-browser-width  hover-fade loading-effect-none description-on-hover\" data-padding=\"10px\" data-cur-page=\"1\" data-post-limit=\"-1\" data-pagination-mode=\"none\" data-desktop-columns-num=\"2\" data-v-tablet-columns-num=\"2\" data-h-tablet-columns-num=\"2\" data-phone-columns-num=\"1\" data-width=\"0px\" data-columns=\"0\"><div class=\"dt-css-grid\" ><div class=\"wf-cell\" data-post-id=\"2249\" data-date=\"2019-02-20T10:44:23+01:00\" data-name=\"ARCELOR MITTAL CASISA\"><figure class=\"post visible\"><a href=\"https:\/\/casisasteel.com\/wp-content\/uploads\/2019\/02\/DSC_6055.jpg\" class=\"rollover dt-pswp-item layzr-bg\" data-large_image_width=\"1150\" data-large_image_height=\"768\" data-dt-img-description=\"\" title=\"ARCELOR MITTAL CASISA\"><img fetchpriority=\"high\" decoding=\"async\" class=\"preload-me iso-lazy-load aspect\" src=\"data:image\/svg+xml,%3Csvg%20xmlns%3D&#39;http%3A%2F%2Fwww.w3.org%2F2000%2Fsvg&#39;%20viewBox%3D&#39;0%200%20768%20768&#39;%2F%3E\" data-src=\"https:\/\/casisasteel.com\/wp-content\/uploads\/2019\/02\/DSC_6055-768x768.jpg\" data-srcset=\"https:\/\/casisasteel.com\/wp-content\/uploads\/2019\/02\/DSC_6055-768x768.jpg 768w\" loading=\"eager\" style=\"--ratio: 768 \/ 768\" sizes=\"(max-width: 768px) 100vw, 768px\" alt=\"\" width=\"768\" height=\"768\"  \/><span class=\"gallery-rollover\"><span class=\"gallery-zoom-ico icomoon-the7-font-the7-zoom-06\"><span><\/span><\/span><\/span><\/a><\/figure><\/div><div class=\"wf-cell\" data-post-id=\"2252\" data-date=\"2019-02-20T10:44:25+01:00\" data-name=\"ARCELOR MITTAL CASISA\"><figure class=\"post visible\"><a href=\"https:\/\/casisasteel.com\/wp-content\/uploads\/2019\/02\/DSC_6110.jpg\" class=\"rollover dt-pswp-item layzr-bg\" data-large_image_width=\"1150\" data-large_image_height=\"768\" data-dt-img-description=\"\" title=\"ARCELOR MITTAL CASISA\"><img decoding=\"async\" class=\"preload-me iso-lazy-load aspect\" src=\"data:image\/svg+xml,%3Csvg%20xmlns%3D&#39;http%3A%2F%2Fwww.w3.org%2F2000%2Fsvg&#39;%20viewBox%3D&#39;0%200%20768%20768&#39;%2F%3E\" data-src=\"https:\/\/casisasteel.com\/wp-content\/uploads\/2019\/02\/DSC_6110-768x768.jpg\" data-srcset=\"https:\/\/casisasteel.com\/wp-content\/uploads\/2019\/02\/DSC_6110-768x768.jpg 768w\" loading=\"eager\" style=\"--ratio: 768 \/ 768\" sizes=\"(max-width: 768px) 100vw, 768px\" alt=\"\" width=\"768\" height=\"768\"  \/><span class=\"gallery-rollover\"><span class=\"gallery-zoom-ico icomoon-the7-font-the7-zoom-06\"><span><\/span><\/span><\/span><\/a><\/figure><\/div><div class=\"wf-cell\" data-post-id=\"2275\" data-date=\"2019-02-13T14:34:13+01:00\" data-name=\"ARCELOR MITTAL CASISA\"><figure class=\"post visible\"><a href=\"https:\/\/casisasteel.com\/wp-content\/uploads\/2019\/02\/gama-productos.png\" class=\"rollover dt-pswp-item layzr-bg\" data-large_image_width=\"907\" data-large_image_height=\"440\" data-dt-img-description=\"\" title=\"ARCELOR MITTAL CASISA\"><img decoding=\"async\" class=\"preload-me iso-lazy-load aspect\" src=\"data:image\/svg+xml,%3Csvg%20xmlns%3D&#39;http%3A%2F%2Fwww.w3.org%2F2000%2Fsvg&#39;%20viewBox%3D&#39;0%200%20440%20440&#39;%2F%3E\" data-src=\"https:\/\/casisasteel.com\/wp-content\/uploads\/2019\/02\/gama-productos-440x440.png\" data-srcset=\"https:\/\/casisasteel.com\/wp-content\/uploads\/2019\/02\/gama-productos-440x440.png 440w\" loading=\"eager\" style=\"--ratio: 440 \/ 440\" sizes=\"(max-width: 440px) 100vw, 440px\" alt=\"\" width=\"440\" height=\"440\"  \/><span class=\"gallery-rollover\"><span class=\"gallery-zoom-ico icomoon-the7-font-the7-zoom-06\"><span><\/span><\/span><\/span><\/a><\/figure><\/div><\/div><!-- iso-container|iso-grid --><\/div>[\/vc_column][\/vc_row]<\/p>\n<\/div>","protected":false},"excerpt":{"rendered":"<p>[vc_row type=\u00a0\u00bbvc_default\u00a0\u00bb css=\u00a0\u00bb.vc_custom_1476008791393{padding-top: 70px !important;padding-bottom: 25px !important;}\u00a0\u00bb][vc_column css_animation=\u00a0\u00bbfadeInLeft\u00a0\u00bb width=\u00a0\u00bb1\/2&Prime; offset=\u00a0\u00bbvc_col-lg-6 vc_col-md-6 vc_col-xs-12&Prime; css=\u00a0\u00bb.vc_custom_1550154605663{padding-bottom: 50px !important;}\u00a0\u00bb][\/vc_column][vc_column css_animation=\u00a0\u00bbfadeInRight\u00a0\u00bb width=\u00a0\u00bb1\/2&Prime; offset=\u00a0\u00bbvc_col-lg-6 vc_col-md-6 vc_col-xs-12&Prime; css=\u00a0\u00bb.vc_custom_1550154616298{padding-bottom: 50px !important;}\u00a0\u00bb][\/vc_column][\/vc_row]<\/p>\n","protected":false},"author":2,"featured_media":0,"parent":0,"menu_order":0,"comment_status":"closed","ping_status":"closed","template":"","meta":{"jetpack_post_was_ever_published":false,"footnotes":""},"class_list":["post-2248","page","type-page","status-publish","hentry","description-off"],"jetpack_sharing_enabled":true,"jetpack_shortlink":"https:\/\/wp.me\/Pb6mSq-Ag","_links":{"self":[{"href":"https:\/\/casisasteel.com\/fr\/wp-json\/wp\/v2\/pages\/2248","targetHints":{"allow":["GET"]}}],"collection":[{"href":"https:\/\/casisasteel.com\/fr\/wp-json\/wp\/v2\/pages"}],"about":[{"href":"https:\/\/casisasteel.com\/fr\/wp-json\/wp\/v2\/types\/page"}],"author":[{"embeddable":true,"href":"https:\/\/casisasteel.com\/fr\/wp-json\/wp\/v2\/users\/2"}],"replies":[{"embeddable":true,"href":"https:\/\/casisasteel.com\/fr\/wp-json\/wp\/v2\/comments?post=2248"}],"version-history":[{"count":6,"href":"https:\/\/casisasteel.com\/fr\/wp-json\/wp\/v2\/pages\/2248\/revisions"}],"predecessor-version":[{"id":2579,"href":"https:\/\/casisasteel.com\/fr\/wp-json\/wp\/v2\/pages\/2248\/revisions\/2579"}],"wp:attachment":[{"href":"https:\/\/casisasteel.com\/fr\/wp-json\/wp\/v2\/media?parent=2248"}],"curies":[{"name":"wp","href":"https:\/\/api.w.org\/{rel}","templated":true}]}}