{"id":2219,"date":"2019-02-12T16:16:25","date_gmt":"2019-02-12T15:16:25","guid":{"rendered":"https:\/\/casisasteel.com\/consultarnos\/"},"modified":"2019-08-29T12:41:24","modified_gmt":"2019-08-29T10:41:24","slug":"fer-blanc-fer-blanc-stock","status":"publish","type":"page","link":"https:\/\/casisasteel.com\/fr\/fer-blanc-fer-blanc-stock\/","title":{"rendered":"NOUS VOUS REPONDONS SOUS 24 HEURES"},"content":{"rendered":"<div class=\"wpb-content-wrapper\"><p>[vc_row type=\u00a0\u00bbvc_default\u00a0\u00bb full_width=\u00a0\u00bbstretch_row_content_no_spaces\u00a0\u00bb bg_type=\u00a0\u00bbimage\u00a0\u00bb parallax_style=\u00a0\u00bbvcpb-default\u00a0\u00bb bg_image_new=\u00a0\u00bbid^2490|url^https:\/\/casisasteel.com\/wp-content\/uploads\/2019\/02\/bigstock-tow-retro-robots-talk-on-tin-c-220570294-e1550824325158.jpg|caption^tow retro robots talk on tin can phones on an old wooden floor with reflection|alt^null|title^bigstock-tow-retro-robots-talk-on-tin-c-220570294|description^null\u00a0\u00bb css=\u00a0\u00bb.vc_custom_1553095860292{margin-top: 0px !important;border-top-width: 0px !important;padding-top: 100px !important;}\u00a0\u00bb el_id=\u00a0\u00bbrobotsmovil\u00a0\u00bb][vc_column css=\u00a0\u00bb.vc_custom_1553095472384{margin-top: 0px !important;border-top-width: 0px !important;padding-top: 0px !important;}\u00a0\u00bb][\/vc_column][\/vc_row][vc_row type=\u00a0\u00bbvc_default\u00a0\u00bb full_width=\u00a0\u00bbstretch_row\u00a0\u00bb bg_type=\u00a0\u00bbimage\u00a0\u00bb parallax_style=\u00a0\u00bbvcpb-default\u00a0\u00bb bg_image_new=\u00a0\u00bbid^2148|url^https:\/\/casisasteel.com\/wp-content\/uploads\/2019\/02\/bigstock-tow-retro-robots-talk-on-tin-c-220570294-e1550824325158.jpg|caption^null|alt^null|title^bigstock-tow-retro-robots-talk-on-tin-c-220570294|description^null\u00a0\u00bb css=\u00a0\u00bb.vc_custom_1553095308438{padding-top: 300px !important;}\u00a0\u00bb el_id=\u00a0\u00bbrobotspc\u00a0\u00bb][vc_column][\/vc_column][\/vc_row][vc_row type=\u00a0\u00bbvc_default\u00a0\u00bb css_animation=\u00a0\u00bbnone\u00a0\u00bb css=\u00a0\u00bb.vc_custom_1551186648743{margin-top: 20px !important;margin-bottom: 60px !important;}\u00a0\u00bb][vc_column css=\u00a0\u00bb.vc_custom_1550068577951{background-color: #f4f4f4 !important;}\u00a0\u00bb]\n<div class=\"wpcf7 no-js\" id=\"wpcf7-f2205-o1\" lang=\"es-ES\" dir=\"ltr\" data-wpcf7-id=\"2205\">\n<div class=\"screen-reader-response\"><p role=\"status\" aria-live=\"polite\" aria-atomic=\"true\"><\/p> <ul><\/ul><\/div>\n<form action=\"\/fr\/wp-json\/wp\/v2\/pages\/2219#wpcf7-f2205-o1\" method=\"post\" class=\"wpcf7-form init\" aria-label=\"Formulario de contacto\" novalidate=\"novalidate\" data-status=\"init\">\n<fieldset class=\"hidden-fields-container\"><input type=\"hidden\" name=\"_wpcf7\" value=\"2205\" \/><input type=\"hidden\" name=\"_wpcf7_version\" value=\"6.1\" \/><input type=\"hidden\" name=\"_wpcf7_locale\" value=\"es_ES\" \/><input type=\"hidden\" name=\"_wpcf7_unit_tag\" value=\"wpcf7-f2205-o1\" \/><input type=\"hidden\" name=\"_wpcf7_container_post\" value=\"0\" \/><input type=\"hidden\" name=\"_wpcf7_posted_data_hash\" value=\"\" \/>\n<\/fieldset>\n<div class=\"column one\">\n\t<div class=\"column one-second\">\n\t\t<h4 style=\"text-align:center\">Vous recherchez\n\t\t<\/h4>\n\t\t<div>\n\t\t\t<p><label>Temper:* <\/label><span class=\"wpcf7-form-control-wrap\" data-name=\"temper\"><select class=\"wpcf7-form-control wpcf7-select wpcf7-validates-as-required\" aria-required=\"true\" aria-invalid=\"false\" name=\"temper\"><option value=\"\"><\/option><option value=\"TS230 - T50\">TS230 - T50<\/option><option value=\"TS245 - T52\">TS245 - T52<\/option><option value=\"TS260 - T55\">TS260 - T55<\/option><option value=\"TS275 - T57\">TS275 - T57<\/option><option value=\"TS290 - T59\">TS290 - T59<\/option><option value=\"TS340 - T57BA\">TS340 - T57BA<\/option><option value=\"TS480 - T68BA\">TS480 - T68BA<\/option><option value=\"TS500 - DR7BA\">TS500 - DR7BA<\/option><option value=\"TS520 - DR7,5BA\">TS520 - DR7,5BA<\/option><option value=\"TS550 - DR8BA\">TS550 - DR8BA<\/option><option value=\"TH330 - T55CA\">TH330 - T55CA<\/option><option value=\"TH360 - T57CA\">TH360 - T57CA<\/option><option value=\"TH415 - T61\">TH415 - T61<\/option><option value=\"TH435 - T65\">TH435 - T65<\/option><option value=\"TH460 - T67\">TH460 - T67<\/option><option value=\"TH480 - T68\">TH480 - T68<\/option><option value=\"TH520 - DR7,5\">TH520 - DR7,5<\/option><option value=\"TH550 - DR8\">TH550 - DR8<\/option><option value=\"TH580 - DR8,5\">TH580 - DR8,5<\/option><option value=\"TH620 - DR9\">TH620 - DR9<\/option><option value=\"TH700 - DR10\">TH700 - DR10<\/option><\/select><\/span>\n\t\t\t<\/p>\n\t\t<\/div>\n\t\t<div>\n\t\t\t<p><label>Epaisseur:* <\/label><span class=\"wpcf7-form-control-wrap\" data-name=\"espesor\"><select class=\"wpcf7-form-control wpcf7-select\" aria-invalid=\"false\" name=\"espesor\"><option value=\"\">&#8212;Por favor, elige una opci\u00f3n&#8212;<\/option><option value=\"0.10\">0.10<\/option><option value=\"0.11\">0.11<\/option><option value=\"0.12\">0.12<\/option><option value=\"0.13\">0.13<\/option><option value=\"0.14\">0.14<\/option><option value=\"0.15\">0.15<\/option><option value=\"0.16\">0.16<\/option><option value=\"0.17\">0.17<\/option><option value=\"0.18\">0.18<\/option><option value=\"0.19\">0.19<\/option><option value=\"0.20\">0.20<\/option><option value=\"0.21\">0.21<\/option><option value=\"0.22\">0.22<\/option><option value=\"0.23\">0.23<\/option><option value=\"0.24\">0.24<\/option><option value=\"0.25\">0.25<\/option><option value=\"0.26\">0.26<\/option><option value=\"0.27\">0.27<\/option><option value=\"0.28\">0.28<\/option><option value=\"0.29\">0.29<\/option><option value=\"0.30\">0.30<\/option><option value=\"0.31\">0.31<\/option><option value=\"0.32\">0.32<\/option><option value=\"0.33\">0.33<\/option><option value=\"0.34\">0.34<\/option><option value=\"0.35\">0.35<\/option><option value=\"0.36\">0.36<\/option><option value=\"0.37\">0.37<\/option><option value=\"0.38\">0.38<\/option><option value=\"0.39\">0.39<\/option><option value=\"0.40\">0.40<\/option><option value=\"0.41\">0.41<\/option><option value=\"0.42\">0.42<\/option><option value=\"0.43\">0.43<\/option><option value=\"0.44\">0.44<\/option><option value=\"0.45\">0.45<\/option><option value=\"0.46\">0.46<\/option><option value=\"0.47\">0.47<\/option><option value=\"0.48\">0.48<\/option><option value=\"0.49\">0.49<\/option><option value=\"0.50\">0.50<\/option><\/select><\/span>\n\t\t\t<\/p>\n\t\t<\/div>\n\t\t<div>\n\t\t\t<p><label>Largeur*: <\/label><span class=\"wpcf7-form-control-wrap\" data-name=\"ancho\"><input class=\"wpcf7-form-control wpcf7-number wpcf7-validates-as-required wpcf7-validates-as-number\" min=\"20\" max=\"1200\" aria-required=\"true\" aria-invalid=\"false\" placeholder=\"0000\" value=\"\" type=\"number\" name=\"ancho\" \/><\/span>\n\t\t\t<\/p>\n\t\t<\/div>\n\t\t<div>\n\t\t\t<p><label>Longueur: <\/label><span class=\"wpcf7-form-control-wrap\" data-name=\"largo\"><input class=\"wpcf7-form-control wpcf7-number wpcf7-validates-as-number\" aria-invalid=\"false\" value=\"\" type=\"number\" name=\"largo\" \/><\/span>\n\t\t\t<\/p>\n\t\t<\/div>\n\t\t<div>\n\t\t\t<p><label>Rev\u00eatement*: <\/label><span class=\"wpcf7-form-control-wrap\" data-name=\"revestimiento\"><select class=\"wpcf7-form-control wpcf7-select wpcf7-validates-as-required\" aria-required=\"true\" aria-invalid=\"false\" name=\"revestimiento\"><option value=\"\"><\/option><option value=\"HOJALATA\/TINPLATE\">HOJALATA\/TINPLATE<\/option><option value=\"CROMADO\/TFS\/ECCS\">CROMADO\/TFS\/ECCS<\/option><\/select><\/span>\n\t\t\t<\/p>\n\t\t<\/div>\n\t\t<div>\n\t\t\t<p><label>Face 1:* <\/label><span class=\"wpcf7-form-control-wrap\" data-name=\"cara-1\"><select class=\"wpcf7-form-control wpcf7-select wpcf7-validates-as-required\" aria-required=\"true\" aria-invalid=\"false\" name=\"cara-1\"><option value=\"\"><\/option><option value=\"1,4\">1,4<\/option><option value=\"2\">2<\/option><option value=\"2,8\">2,8<\/option><option value=\"5,6\">5,6<\/option><option value=\"8,4\">8,4<\/option><option value=\"11,2\">11,2<\/option><\/select><\/span>\n\t\t\t<\/p>\n\t\t<\/div>\n\t\t<div>\n\t\t\t<p><label>Face 2:* <\/label><span class=\"wpcf7-form-control-wrap\" data-name=\"cara-2\"><select class=\"wpcf7-form-control wpcf7-select wpcf7-validates-as-required\" aria-required=\"true\" aria-invalid=\"false\" name=\"cara-2\"><option value=\"\"><\/option><option value=\"1,4\">1,4<\/option><option value=\"2\">2<\/option><option value=\"2,8\">2,8<\/option><option value=\"5,6\">5,6<\/option><option value=\"8,4\">8,4<\/option><option value=\"11,2\">11,2<\/option><\/select><\/span>\n\t\t\t<\/p>\n\t\t<\/div>\n\t<\/div>\n\t<div class=\"column one-second\">\n\t\t<h4 style=\"text-align:center\">Pour\n\t\t<\/h4>\n\t\t<div>\n\t\t\t<p><label>Tonnes:* <\/label><span class=\"wpcf7-form-control-wrap\" data-name=\"cantidades\"><input class=\"wpcf7-form-control wpcf7-number wpcf7-validates-as-required wpcf7-validates-as-number\" aria-required=\"true\" aria-invalid=\"false\" value=\"\" type=\"number\" name=\"cantidades\" \/><\/span>\n\t\t\t<\/p>\n\t\t<\/div>\n\t\t<div>\n\t\t\t<p><label>Livr\u00e9es en: <\/label><span class=\"wpcf7-form-control-wrap\" data-name=\"entrega\"><select class=\"wpcf7-form-control wpcf7-select\" aria-invalid=\"false\" name=\"entrega\"><option value=\"\"><\/option><option value=\"1 mes\">1 mes<\/option><option value=\"2 semanas\">2 semanas<\/option><option value=\"Antes\">Antes<\/option><\/select><\/span>\n\t\t\t<\/p>\n\t\t<\/div>\n\t\t<div>\n\t\t\t<p><label>Vers: <\/label><span class=\"wpcf7-form-control-wrap\" data-name=\"donde\"><select class=\"wpcf7-form-control wpcf7-select\" aria-invalid=\"false\" name=\"donde\"><option value=\"\"><\/option><option value=\"Espa\u00f1a\">Espa\u00f1a<\/option><option value=\"Europa\">Europa<\/option><option value=\"Mundo\">Mundo<\/option><\/select><\/span>\n\t\t\t<\/p>\n\t\t<\/div>\n\t\t<div>\n\t\t\t<p><label>Entreprise:<\/label><span class=\"wpcf7-form-control-wrap\" data-name=\"your-company\"><input size=\"40\" maxlength=\"400\" class=\"wpcf7-form-control wpcf7-text\" aria-invalid=\"false\" value=\"\" type=\"text\" name=\"your-company\" \/><\/span>\n\t\t\t<\/p>\n\t\t<\/div>\n\t\t<div>\n\t\t\t<p><label>Nom:*<\/label><span class=\"wpcf7-form-control-wrap\" data-name=\"your-name\"><input size=\"40\" maxlength=\"400\" class=\"wpcf7-form-control wpcf7-text wpcf7-validates-as-required\" aria-required=\"true\" aria-invalid=\"false\" value=\"\" type=\"text\" name=\"your-name\" \/><\/span>\n\t\t\t<\/p>\n\t\t<\/div>\n\t\t<div>\n\t\t\t<p><label>Mail:*<\/label><span class=\"wpcf7-form-control-wrap\" data-name=\"your-email\"><input size=\"40\" maxlength=\"400\" class=\"wpcf7-form-control wpcf7-email wpcf7-validates-as-required wpcf7-text wpcf7-validates-as-email\" aria-required=\"true\" aria-invalid=\"false\" value=\"\" type=\"email\" name=\"your-email\" \/><\/span>\n\t\t\t<\/p>\n\t\t<\/div>\n\t\t<div>\n\t\t\t<p><label>T\u00e9lephone:<\/label><span class=\"wpcf7-form-control-wrap\" data-name=\"your-tel\"><input size=\"40\" maxlength=\"400\" class=\"wpcf7-form-control wpcf7-tel wpcf7-text wpcf7-validates-as-tel\" aria-invalid=\"false\" value=\"\" type=\"tel\" name=\"your-tel\" \/><\/span>\n\t\t\t<\/p>\n\t\t<\/div>\n\t<\/div>\n<\/div>\n<p><br clear=\"all\" \/>\n<\/p>\n<div style=\"margin-top:-50px;\">\n\t<p><span class=\"wpcf7-form-control-wrap\" data-name=\"rgpd-accepto\"><span class=\"wpcf7-form-control wpcf7-acceptance\"><span class=\"wpcf7-list-item\"><input type=\"checkbox\" name=\"rgpd-accepto\" value=\"1\" aria-invalid=\"false\" \/><\/span><\/span><\/span> J'ai lu et accepte le <a href=\"\/fr\/politique-de-confidentialite\/\" target=\"_blank\">politique de confidentialit\u00e9<\/a>\n\t<\/p>\n<\/div>\n<div class=\"texto-legal\" style=\"font-size:12px; line-height:13px; text-align:justify;\">\n\t<p>Nous traitons les informations que vous nous fournissez afin de vous envoyer des publicit\u00e9s en relation avec nos produits et services par quelque moyen que ce soit (courrier, e-mail ou t\u00e9l\u00e9phone) et vous invitons \u00e0 des \u00e9v\u00e9nements organis\u00e9s par la soci\u00e9t\u00e9. Les donn\u00e9es fournies seront conserv\u00e9es jusqu'\u00e0 ce que vous demandiez la cessation de l'activit\u00e9. Les donn\u00e9es ne seront pas transmises \u00e0 des tiers, sauf dans les cas d'obligation l\u00e9gale. Vous avez le droit d'obtenir une confirmation indiquant si vous vous trouvez \u00e0 ARCELORMITTAL CASISA, S.A. Nous traitons vos donn\u00e9es personnelles afin que vous ayez le droit d'acc\u00e9der \u00e0 vos donn\u00e9es personnelles, de corriger des donn\u00e9es inexactes ou de demander leur suppression lorsque les donn\u00e9es ne sont plus n\u00e9cessaires aux fins qui ont \u00e9t\u00e9 collect\u00e9es.\n\t<\/p>\n<\/div>\n<p><input class=\"wpcf7-form-control wpcf7-submit has-spinner\" type=\"submit\" value=\"Envoyer\" \/>\n<\/p>\n\n<div class=\"wpcf7-response-output\" aria-hidden=\"true\"><\/div>\n<\/form>\n<\/div>\n[\/vc_column][\/vc_row]<\/p>\n<\/div>","protected":false},"excerpt":{"rendered":"<p>[vc_row type=\u00a0\u00bbvc_default\u00a0\u00bb full_width=\u00a0\u00bbstretch_row_content_no_spaces\u00a0\u00bb bg_type=\u00a0\u00bbimage\u00a0\u00bb parallax_style=\u00a0\u00bbvcpb-default\u00a0\u00bb bg_image_new=\u00a0\u00bbid^2490|url^https:\/\/casisasteel.com\/wp-content\/uploads\/2019\/02\/bigstock-tow-retro-robots-talk-on-tin-c-220570294-e1550824325158.jpg|caption^tow retro robots talk on tin can phones on an old wooden floor with reflection|alt^null|title^bigstock-tow-retro-robots-talk-on-tin-c-220570294|description^null\u00a0\u00bb css=\u00a0\u00bb.vc_custom_1553095860292{margin-top: 0px !important;border-top-width: 0px !important;padding-top: 100px !important;}\u00a0\u00bb el_id=\u00a0\u00bbrobotsmovil\u00a0\u00bb][vc_column css=\u00a0\u00bb.vc_custom_1553095472384{margin-top: 0px !important;border-top-width: 0px !important;padding-top: 0px !important;}\u00a0\u00bb][\/vc_column][\/vc_row][vc_row type=\u00a0\u00bbvc_default\u00a0\u00bb full_width=\u00a0\u00bbstretch_row\u00a0\u00bb bg_type=\u00a0\u00bbimage\u00a0\u00bb parallax_style=\u00a0\u00bbvcpb-default\u00a0\u00bb bg_image_new=\u00a0\u00bbid^2148|url^https:\/\/casisasteel.com\/wp-content\/uploads\/2019\/02\/bigstock-tow-retro-robots-talk-on-tin-c-220570294-e1550824325158.jpg|caption^null|alt^null|title^bigstock-tow-retro-robots-talk-on-tin-c-220570294|description^null\u00a0\u00bb css=\u00a0\u00bb.vc_custom_1553095308438{padding-top: 300px !important;}\u00a0\u00bb el_id=\u00a0\u00bbrobotspc\u00a0\u00bb][vc_column][\/vc_column][\/vc_row][vc_row type=\u00a0\u00bbvc_default\u00a0\u00bb css_animation=\u00a0\u00bbnone\u00a0\u00bb css=\u00a0\u00bb.vc_custom_1551186648743{margin-top: 20px !important;margin-bottom: 60px !important;}\u00a0\u00bb][vc_column css=\u00a0\u00bb.vc_custom_1550068577951{background-color: #f4f4f4 !important;}\u00a0\u00bb][\/vc_column][\/vc_row]<\/p>\n","protected":false},"author":2,"featured_media":0,"parent":0,"menu_order":600,"comment_status":"closed","ping_status":"closed","template":"","meta":{"jetpack_post_was_ever_published":false,"footnotes":""},"class_list":["post-2219","page","type-page","status-publish","hentry","description-off"],"jetpack_sharing_enabled":true,"jetpack_shortlink":"https:\/\/wp.me\/Pb6mSq-zN","_links":{"self":[{"href":"https:\/\/casisasteel.com\/fr\/wp-json\/wp\/v2\/pages\/2219","targetHints":{"allow":["GET"]}}],"collection":[{"href":"https:\/\/casisasteel.com\/fr\/wp-json\/wp\/v2\/pages"}],"about":[{"href":"https:\/\/casisasteel.com\/fr\/wp-json\/wp\/v2\/types\/page"}],"author":[{"embeddable":true,"href":"https:\/\/casisasteel.com\/fr\/wp-json\/wp\/v2\/users\/2"}],"replies":[{"embeddable":true,"href":"https:\/\/casisasteel.com\/fr\/wp-json\/wp\/v2\/comments?post=2219"}],"version-history":[{"count":15,"href":"https:\/\/casisasteel.com\/fr\/wp-json\/wp\/v2\/pages\/2219\/revisions"}],"predecessor-version":[{"id":2500,"href":"https:\/\/casisasteel.com\/fr\/wp-json\/wp\/v2\/pages\/2219\/revisions\/2500"}],"wp:attachment":[{"href":"https:\/\/casisasteel.com\/fr\/wp-json\/wp\/v2\/media?parent=2219"}],"curies":[{"name":"wp","href":"https:\/\/api.w.org\/{rel}","templated":true}]}}