{"id":2196,"date":"2018-12-03T17:45:42","date_gmt":"2018-12-03T16:45:42","guid":{"rendered":"https:\/\/casisasteel.com\/politica-de-cookies\/"},"modified":"2025-11-26T14:08:39","modified_gmt":"2025-11-26T13:08:39","slug":"politique-de-cookies","status":"publish","type":"page","link":"https:\/\/casisasteel.com\/fr\/politique-de-cookies\/","title":{"rendered":"Politique de cookies"},"content":{"rendered":"<h3><strong>INFORMATION SUR LES COOKIES<\/strong><\/h3>\n<p>Conform\u00e9ment \u00e0 la Loi 34\/2002 du 11 juillet, relative aux services de la soci\u00e9t\u00e9 de l\u2019information et au commerce \u00e9lectronique (LSSI), en relation avec le R\u00e8glement (UE) 2016\/679 du Parlement europ\u00e9en et du Conseil du 27 avril 2016, R\u00e8glement G\u00e9n\u00e9ral sur la Protection des Donn\u00e9es (RGPD) et la Loi Organique 3\/2018 du 5 d\u00e9cembre, relative \u00e0 la Protection des Donn\u00e9es et \u00e0 la Garantie des Droits Num\u00e9riques (LOPDGDD), il est obligatoire d\u2019obtenir le consentement expr\u00e8s de l\u2019utilisateur de toutes les pages web qui utilisent des cookies non essentielles avant qu\u2019il ne commence \u00e0 y naviguer.<\/p>\n<hr \/>\n<h3><strong>QUE SONT LES COOKIES ?<\/strong><\/h3>\n<p>Les cookies et autres technologies similaires telles que les objets partag\u00e9s locaux, les cookies flash ou les pixels, sont des outils utilis\u00e9s par les serveurs Web pour stocker et r\u00e9cup\u00e9rer des informations concernant leurs visiteurs, ainsi que pour assurer le bon fonctionnement du site.<\/p>\n<p>Gr\u00e2ce \u00e0 ces dispositifs, le serveur Web peut se souvenir de certaines donn\u00e9es concernant l\u2019utilisateur, comme ses pr\u00e9f\u00e9rences d\u2019affichage des pages de ce serveur, son nom et son mot de passe, les produits qui l\u2019int\u00e9ressent le plus, etc.<\/p>\n<hr \/>\n<h3><strong>COOKIES CONCERN\u00c9S PAR LA R\u00c9GLEMENTATION ET COOKIES EXCEPT\u00c9S<\/strong><\/h3>\n<p>Selon la directive de l\u2019UE, les cookies qui n\u00e9cessitent le consentement \u00e9clair\u00e9 de l\u2019utilisateur sont les cookies d\u2019analyse, de publicit\u00e9 et d\u2019affiliation, tandis que sont exempt\u00e9s les cookies techniques et ceux n\u00e9cessaires au fonctionnement du site web ou \u00e0 la prestation de services express\u00e9ment demand\u00e9s par l\u2019utilisateur.<\/p>\n<hr \/>\n<h3><strong>TYPES DE COOKIES<\/strong><\/h3>\n<h4><strong>SELON LA FINALIT\u00c9<\/strong><\/h4>\n<ul>\n<li><strong>Cookies techniques et fonctionnels<\/strong> : permettent \u00e0 l\u2019utilisateur de naviguer sur une page web, une plateforme ou une application et d\u2019utiliser les diff\u00e9rentes options ou services qui y existent.<\/li>\n<li><strong>Cookies analytiques<\/strong> : permettent au responsable de suivre et d\u2019analyser le comportement des utilisateurs des sites web auxquels elles sont li\u00e9es. Les informations recueillies sont utilis\u00e9es pour mesurer l\u2019activit\u00e9 des sites web, applications ou plateformes et pour \u00e9tablir des profils de navigation afin d\u2019am\u00e9liorer le service.<\/li>\n<li><strong>Cookies publicitaires<\/strong> : permettent la gestion, de la mani\u00e8re la plus efficace possible, des espaces publicitaires inclus sur une page web, une application ou une plateforme en fonction de crit\u00e8res tels que le contenu \u00e9dit\u00e9 ou la fr\u00e9quence d\u2019affichage des annonces.<\/li>\n<li><strong>Cookies de publicit\u00e9 comportementale<\/strong> : recueillent des informations sur les pr\u00e9f\u00e9rences et choix personnels de l\u2019utilisateur (retargeting) pour g\u00e9rer les espaces publicitaires de mani\u00e8re efficace.<\/li>\n<li><strong>Cookies sociales<\/strong> : \u00e9tablies par les plateformes de r\u00e9seaux sociaux pour permettre le partage de contenu avec vos amis et r\u00e9seaux. Elles peuvent suivre votre activit\u00e9 en ligne en dehors des Services.<\/li>\n<li><strong>Cookies d\u2019affiliation<\/strong> : permettent de suivre les visites provenant d\u2019autres sites web avec lesquels le site a un contrat d\u2019affiliation.<\/li>\n<li><strong>Cookies de s\u00e9curit\u00e9<\/strong> : stockent des informations crypt\u00e9es pour \u00e9viter que les donn\u00e9es enregistr\u00e9es ne soient vuln\u00e9rables \u00e0 des attaques malveillantes.<\/li>\n<\/ul>\n<h4><strong>SELON LA PROPRI\u00c9T\u00c9<\/strong><\/h4>\n<ul>\n<li><strong>Cookies propres<\/strong> : envoy\u00e9es au terminal de l\u2019utilisateur depuis un \u00e9quipement ou domaine g\u00e9r\u00e9 par l\u2019\u00e9diteur et \u00e0 partir duquel le service demand\u00e9 est fourni.<\/li>\n<li><strong>Cookies tierces<\/strong> : envoy\u00e9es au terminal de l\u2019utilisateur depuis un \u00e9quipement ou domaine non g\u00e9r\u00e9 par l\u2019\u00e9diteur, mais par une autre entit\u00e9 qui traite les donn\u00e9es obtenues via les cookies.<\/li>\n<\/ul>\n<h4><strong>SELON LA DUR\u00c9E DE CONSERVATION<\/strong><\/h4>\n<ul>\n<li><strong>Cookies de session<\/strong> : con\u00e7ues pour collecter et stocker des donn\u00e9es pendant que l\u2019utilisateur acc\u00e8de \u00e0 une page web.<\/li>\n<li><strong>Cookies persistantes<\/strong> : les donn\u00e9es restent stock\u00e9es sur le terminal et peuvent \u00eatre consult\u00e9es et trait\u00e9es pendant une p\u00e9riode d\u00e9finie par le responsable de la cookie, pouvant aller de quelques minutes \u00e0 plusieurs ann\u00e9es.<\/li>\n<\/ul>\n<hr \/>\n<h3><strong>TRAITEMENT DES DONN\u00c9ES PERSONNELLES<\/strong><\/h3>\n<p>ARCELORMITTAL CASISA, S.A. est le Responsable du traitement des donn\u00e9es personnelles de l\u2019Int\u00e9ress\u00e9 et l\u2019informe que ces donn\u00e9es seront trait\u00e9es conform\u00e9ment au R\u00e8glement (UE) 2016\/679 du 27 avril 2016 (RGPD), et fournit les informations suivantes :<\/p>\n<ul>\n<li><strong>Finalit\u00e9s du traitement<\/strong> : selon ce qui est sp\u00e9cifi\u00e9 dans la section des cookies utilis\u00e9es sur ce site web.<\/li>\n<li><strong>Base l\u00e9gale du traitement<\/strong> : sauf lorsque cela est n\u00e9cessaire pour la navigation sur le site, par consentement de l\u2019int\u00e9ress\u00e9 (art. 6.1.a RGPD).<\/li>\n<li><strong>Crit\u00e8res de conservation des donn\u00e9es<\/strong> : selon ce qui est indiqu\u00e9 dans la section des cookies utilis\u00e9es sur le site.<\/li>\n<li><strong>Communication des donn\u00e9es<\/strong> : les donn\u00e9es ne seront pas communiqu\u00e9es \u00e0 des tiers, sauf pour les cookies appartenant \u00e0 des tiers ou par obligation l\u00e9gale.<\/li>\n<\/ul>\n<p><strong>Droits de l\u2019Int\u00e9ress\u00e9<\/strong> :<\/p>\n<ul>\n<li>Droit de retirer le consentement \u00e0 tout moment.<\/li>\n<li>Droit d\u2019acc\u00e8s, de rectification, de portabilit\u00e9 et d\u2019effacement des donn\u00e9es, ainsi que de limitation ou d\u2019opposition \u00e0 leur traitement.<\/li>\n<li>Droit d\u2019introduire une r\u00e9clamation aupr\u00e8s de l\u2019Autorit\u00e9 de contr\u00f4le (www.aepd.es) si le traitement n\u2019est pas conforme \u00e0 la r\u00e9glementation en vigueur.<\/li>\n<\/ul>\n<p><strong>Coordonn\u00e9es pour exercer vos droits<\/strong> :<br \/>\nARCELORMITTAL CASISA, S.A.<br \/>\nLugar Residencia de la Granda, S\/N \u2013 33418 Goz\u00f3n (Asturies)<br \/>\nEmail : welcome@casisasteel.com<\/p>\n<hr \/>\n<h3><strong>COOKIES UTILIS\u00c9ES SUR CE SITE WEB<\/strong><\/h3>\n<p>Les cookies s\u00e9lectionn\u00e9es indiquent que l\u2019utilisateur autorise leur installation dans son navigateur et le traitement des donn\u00e9es conform\u00e9ment aux conditions indiqu\u00e9es dans la Politique de cookies.<br \/>\nL\u2019utilisateur peut cocher ou d\u00e9cocher le s\u00e9lecteur pour accepter ou refuser l\u2019installation des cookies.<\/p>\n<h3><strong>Configuration des cookies utilis\u00e9s par ce site web<\/strong><\/h3>\n<table width=\"671\">\n<tbody>\n<tr>\n<td width=\"151\">\u00a0 <strong>TYPES DE COOKIES<\/strong><\/td>\n<td colspan=\"3\" width=\"475\"><strong>BUT<\/strong><\/td>\n<\/tr>\n<tr>\n<td rowspan=\"3\" width=\"151\"><strong>TECHNIQUES OU FONCTIONNELS <\/strong><\/td>\n<td colspan=\"3\" width=\"475\">Ils permettent la navigation sur le Web et l&rsquo;utilisation des diff\u00e9rentes options ou services propos\u00e9s. Ils sont \u00e9galement utilis\u00e9s pour am\u00e9liorer votre exp\u00e9rience de navigation et optimiser le fonctionnement de notre page. Ils stockent les configurations de service afin que l&rsquo;utilisateur n&rsquo;ait pas \u00e0 les reconfigurer chaque fois qu&rsquo;il nous rend visite.<\/td>\n<\/tr>\n<tr>\n<td colspan=\"3\" width=\"475\"><strong>OP\u00c9RATEUR<\/strong><\/td>\n<\/tr>\n<tr>\n<td colspan=\"3\" width=\"475\">Propres<\/td>\n<\/tr>\n<tr>\n<td rowspan=\"4\" width=\"151\"><strong>OBJECTIF DE PERSONNALISATION<\/strong><\/td>\n<td colspan=\"3\" width=\"475\"><strong>BUT<\/strong><\/td>\n<\/tr>\n<tr>\n<td colspan=\"3\" width=\"475\">Ce sont ceux qui permettent \u00e0 l&rsquo;utilisateur d&rsquo;acc\u00e9der au service avec certaines caract\u00e9ristiques g\u00e9n\u00e9rales pr\u00e9d\u00e9finies bas\u00e9es sur une s\u00e9rie de crit\u00e8res du terminal de l&rsquo;utilisateur, tels que la langue, le type de navigateur par lequel l&rsquo;utilisateur acc\u00e8de au service, la configuration r\u00e9gionale \u00e0 partir de laquelle vous vous connectez. acc\u00e9der au service, etc.<\/td>\n<\/tr>\n<tr>\n<td colspan=\"3\" width=\"475\"><strong>OP\u00c9RATEUR<\/strong><\/td>\n<\/tr>\n<tr>\n<td colspan=\"3\" width=\"475\">Propres<\/td>\n<\/tr>\n<tr>\n<td rowspan=\"6\" width=\"151\"><strong>ANALYTIQUE <\/strong><\/td>\n<td colspan=\"3\" width=\"475\"><strong>BUT<\/strong><\/td>\n<\/tr>\n<tr>\n<td colspan=\"3\" width=\"475\">Ils sont utilis\u00e9s pour recueillir des informations sur l&rsquo;utilisation de notre site Web par les visiteurs. Nous utilisons ces informations pour pr\u00e9parer des rapports et am\u00e9liorer le site. Ces cookies sont uniquement associ\u00e9s \u00e0 un utilisateur anonyme et \u00e0 votre ordinateur \/ appareil sans fournir de r\u00e9f\u00e9rences permettant de conna\u00eetre des donn\u00e9es personnelles. Ils collectent le nombre de visiteurs sur le site, la dur\u00e9e des visites, le navigateur, le type de terminal, le lieu d&rsquo;origine des visiteurs et les pages visit\u00e9es.<\/td>\n<\/tr>\n<tr>\n<td colspan=\"3\" width=\"475\"><strong>OP\u00c9RATEUR<\/strong><\/td>\n<\/tr>\n<tr>\n<td colspan=\"3\" width=\"475\">Google Inc<\/td>\n<\/tr>\n<tr>\n<td colspan=\"3\" width=\"475\">&#8230;&#8230;&#8230;&#8230;&#8230;&#8230;..<\/td>\n<\/tr>\n<tr>\n<td colspan=\"3\" width=\"475\">&#8230;&#8230;&#8230;&#8230;&#8230;&#8230;..<\/td>\n<\/tr>\n<tr>\n<td rowspan=\"5\" width=\"151\"><strong>D&rsquo;ACCES AUX RESEAUX SOCIAUX<\/strong><\/td>\n<td colspan=\"3\" width=\"475\"><strong>BUT<\/strong><\/td>\n<\/tr>\n<tr>\n<td colspan=\"3\" width=\"475\">Ces cookies sont utilis\u00e9s pour inclure des liens d&rsquo;acc\u00e8s aux r\u00e9seaux sociaux afin de lier et de partager certains contenus du portail. Vous n&rsquo;avez donc pas besoin de saisir ces informations \u00e0 chaque fois que vous appuyez sur un bouton de connexion. Les informations sont stock\u00e9es uniquement dans les r\u00e9seaux sociaux.<\/td>\n<\/tr>\n<tr>\n<td colspan=\"3\" width=\"475\"><strong>OP\u00c9RATEUR<\/strong><\/td>\n<\/tr>\n<tr>\n<td colspan=\"3\" width=\"475\">Youtube<\/td>\n<\/tr>\n<tr>\n<td colspan=\"3\" width=\"475\">Twitter<\/td>\n<\/tr>\n<\/tbody>\n<\/table>\n<h3><strong>Traitement des cookies<\/strong><\/h3>\n<p>Les informations obtenues \u00e0 partir du traitement des cookies sont trait\u00e9es par le responsable du Web.<\/p>\n<h3><strong>Que se passe-t-il si les <\/strong><strong> cookies sont d\u00e9sactiv\u00e9s?<\/strong><\/h3>\n<p>\u00c0 tout moment, vous pouvez acc\u00e9der \u00e0 la politique en mati\u00e8re de cookies pour modifier la configuration des cookies et \/ ou bloquer son installation sur votre appareil. Toutefois, cela peut signifier que certaines fonctionnalit\u00e9s soient d\u00e9sactiv\u00e9es, ce qui peut entra\u00eener un acc\u00e8s limit\u00e9 \u00e0 certains contenus et une qualit\u00e9 de fonctionnement amoindrie.<\/p>\n<h3><strong> Mise \u00e0 jour de notre politique de cookies <\/strong><\/h3>\n<p>Nous pouvons mettre \u00e0 jour la politique en mati\u00e8re de cookies de notre site Web. Nous vous recommandons donc de consulter cette politique \u00e0 chaque fois que vous acc\u00e9dez \u00e0 notre site Web afin de savoir de mani\u00e8re ad\u00e9quate comment et pourquoi nous utilisons des cookies. N&rsquo;oubliez pas que les navigateurs peuvent \u00e9galement modifier leurs strat\u00e9gies et l&#8217;emplacement de l&rsquo;information.<\/p>\n<p>La politique de cookies a \u00e9t\u00e9 mise \u00e0 jour pour la derni\u00e8re fois le 25 novembre 2025.<\/p>\n","protected":false},"excerpt":{"rendered":"<p>INFORMATION SUR LES COOKIES Conform\u00e9ment \u00e0 la Loi 34\/2002 du 11 juillet, relative aux services de la soci\u00e9t\u00e9 de l\u2019information et au commerce \u00e9lectronique (LSSI), en relation avec le R\u00e8glement (UE) 2016\/679 du Parlement europ\u00e9en et du Conseil du 27 avril 2016, R\u00e8glement G\u00e9n\u00e9ral sur la Protection des Donn\u00e9es (RGPD) et la Loi Organique 3\/2018&hellip;<\/p>\n","protected":false},"author":2,"featured_media":0,"parent":0,"menu_order":0,"comment_status":"closed","ping_status":"closed","template":"","meta":{"jetpack_post_was_ever_published":false,"footnotes":""},"class_list":["post-2196","page","type-page","status-publish","hentry","description-off"],"jetpack_sharing_enabled":true,"jetpack_shortlink":"https:\/\/wp.me\/Pb6mSq-zq","_links":{"self":[{"href":"https:\/\/casisasteel.com\/fr\/wp-json\/wp\/v2\/pages\/2196","targetHints":{"allow":["GET"]}}],"collection":[{"href":"https:\/\/casisasteel.com\/fr\/wp-json\/wp\/v2\/pages"}],"about":[{"href":"https:\/\/casisasteel.com\/fr\/wp-json\/wp\/v2\/types\/page"}],"author":[{"embeddable":true,"href":"https:\/\/casisasteel.com\/fr\/wp-json\/wp\/v2\/users\/2"}],"replies":[{"embeddable":true,"href":"https:\/\/casisasteel.com\/fr\/wp-json\/wp\/v2\/comments?post=2196"}],"version-history":[{"count":2,"href":"https:\/\/casisasteel.com\/fr\/wp-json\/wp\/v2\/pages\/2196\/revisions"}],"predecessor-version":[{"id":39581,"href":"https:\/\/casisasteel.com\/fr\/wp-json\/wp\/v2\/pages\/2196\/revisions\/39581"}],"wp:attachment":[{"href":"https:\/\/casisasteel.com\/fr\/wp-json\/wp\/v2\/media?parent=2196"}],"curies":[{"name":"wp","href":"https:\/\/api.w.org\/{rel}","templated":true}]}}