{"id":2192,"date":"2018-12-03T17:50:31","date_gmt":"2018-12-03T16:50:31","guid":{"rendered":"https:\/\/casisasteel.com\/nuestra-oferta\/corte-transversal\/"},"modified":"2019-08-29T12:49:58","modified_gmt":"2019-08-29T10:49:58","slug":"decoupe-feuilles-scroll","status":"publish","type":"page","link":"https:\/\/casisasteel.com\/fr\/notre-offre\/decoupe-feuilles-scroll\/","title":{"rendered":"D\u00e9coupe en feuilles"},"content":{"rendered":"<div class=\"wpb-content-wrapper\"><p>[vc_row type=\u00a0\u00bbvc_default\u00a0\u00bb][vc_column css_animation=\u00a0\u00bbfadeInLeft\u00a0\u00bb width=\u00a0\u00bb1\/2&Prime; css=\u00a0\u00bb.vc_custom_1550154096899{padding-bottom: 50px !important;}\u00a0\u00bb]<div id=\"ultimate-heading-837069e1b9156f801\" class=\"uvc-heading ult-adjust-bottom-margin ultimate-heading-837069e1b9156f801 uvc-4413 \" data-hspacer=\"no_spacer\"  data-halign=\"left\" style=\"text-align:left\"><div class=\"uvc-heading-spacer no_spacer\" style=\"top\"><\/div><div class=\"uvc-main-heading ult-responsive\"  data-ultimate-target='.uvc-heading.ultimate-heading-837069e1b9156f801 h2'  data-responsive-json-new='{\"font-size\":\"desktop:26px;\",\"line-height\":\"desktop:32px;\"}' ><h2 style=\"font-weight:bold;margin-bottom:20px;\">D\u00c9COUPE EN FEUILLES<\/h2><\/div><\/div>[vc_column_text]<strong>Nous disposons de 4 lignes de d\u00e9coupe en feuilles (2 \u00e0 Barcelone, 2 en Asturies).<\/strong><\/p>\n<p><strong>Toutes \u00e9quip\u00e9es de d\u00e9tecteurs automatiques de trous.<\/strong><\/p>\n<p><strong>Elles offrent \u00e9galement la possibilit\u00e9 de d\u00e9coupe en pr\u00e9-scroll.<\/strong>[\/vc_column_text][\/vc_column][vc_column css_animation=\u00a0\u00bbfadeInRight\u00a0\u00bb width=\u00a0\u00bb1\/2&Prime; css=\u00a0\u00bb.vc_custom_1550154104522{padding-bottom: 50px !important;}\u00a0\u00bb]<style type=\"text\/css\" data-type=\"the7_shortcodes-inline-css\">.gallery-shortcode.gallery-masonry-shortcode-id-0b6ff49003481bfe4cfb6a13e96a04eb figure,\n.gallery-shortcode.gallery-masonry-shortcode-id-0b6ff49003481bfe4cfb6a13e96a04eb .rollover,\n.gallery-shortcode.gallery-masonry-shortcode-id-0b6ff49003481bfe4cfb6a13e96a04eb img,\n.gallery-shortcode.gallery-masonry-shortcode-id-0b6ff49003481bfe4cfb6a13e96a04eb .gallery-rollover {\n  border-radius: 0px;\n}\n.gallery-shortcode.gallery-masonry-shortcode-id-0b6ff49003481bfe4cfb6a13e96a04eb.enable-bg-rollover .gallery-rollover {\n  background: -webkit-linear-gradient();\n  background: linear-gradient();\n}\n.gallery-shortcode.gallery-masonry-shortcode-id-0b6ff49003481bfe4cfb6a13e96a04eb.enable-bg-rollover.hover-scale figure .rollover:after {\n  background: -webkit-linear-gradient();\n  background: linear-gradient();\n}\n.gallery-shortcode.gallery-masonry-shortcode-id-0b6ff49003481bfe4cfb6a13e96a04eb .gallery-zoom-ico {\n  width: 44px;\n  height: 44px;\n  line-height: 44px;\n  border-radius: 100px;\n  margin: -22px 0 0 -22px;\n  border-width: 0px;\n  color: #ffffff;\n}\n.dt-icon-bg-on.gallery-shortcode.gallery-masonry-shortcode-id-0b6ff49003481bfe4cfb6a13e96a04eb .gallery-zoom-ico {\n  background: rgba(255,255,255,0.3);\n  box-shadow: none;\n}\n.gallery-shortcode.gallery-masonry-shortcode-id-0b6ff49003481bfe4cfb6a13e96a04eb .gallery-zoom-ico:before,\n.gallery-shortcode.gallery-masonry-shortcode-id-0b6ff49003481bfe4cfb6a13e96a04eb .gallery-zoom-ico span {\n  font-size: 32px;\n  line-height: 44px;\n  color: #ffffff;\n}\n.gallery-shortcode.gallery-masonry-shortcode-id-0b6ff49003481bfe4cfb6a13e96a04eb:not(.resize-by-browser-width) .dt-css-grid {\n  grid-row-gap: 20px;\n  grid-column-gap: 20px;\n  grid-template-columns: repeat(auto-fill,minmax(,1fr));\n}\n.gallery-shortcode.gallery-masonry-shortcode-id-0b6ff49003481bfe4cfb6a13e96a04eb:not(.resize-by-browser-width) .dt-css-grid .double-width {\n  grid-column: span 2;\n}\n.cssgridlegacy.no-cssgrid .gallery-shortcode.gallery-masonry-shortcode-id-0b6ff49003481bfe4cfb6a13e96a04eb:not(.resize-by-browser-width) .dt-css-grid,\n.no-cssgridlegacy.no-cssgrid .gallery-shortcode.gallery-masonry-shortcode-id-0b6ff49003481bfe4cfb6a13e96a04eb:not(.resize-by-browser-width) .dt-css-grid {\n  display: flex;\n  flex-flow: row wrap;\n  margin: -10px;\n}\n.cssgridlegacy.no-cssgrid .gallery-shortcode.gallery-masonry-shortcode-id-0b6ff49003481bfe4cfb6a13e96a04eb:not(.resize-by-browser-width) .dt-css-grid .wf-cell,\n.no-cssgridlegacy.no-cssgrid .gallery-shortcode.gallery-masonry-shortcode-id-0b6ff49003481bfe4cfb6a13e96a04eb:not(.resize-by-browser-width) .dt-css-grid .wf-cell {\n  flex: 1 0 ;\n  max-width: 100%;\n  padding: 10px;\n  box-sizing: border-box;\n}\n.gallery-shortcode.gallery-masonry-shortcode-id-0b6ff49003481bfe4cfb6a13e96a04eb.resize-by-browser-width .dt-css-grid {\n  grid-template-columns: repeat(2,1fr);\n  grid-template-rows: auto;\n  grid-column-gap: 20px;\n  grid-row-gap: 20px;\n}\n.gallery-shortcode.gallery-masonry-shortcode-id-0b6ff49003481bfe4cfb6a13e96a04eb.resize-by-browser-width .dt-css-grid .double-width {\n  grid-column: span 2;\n}\n.cssgridlegacy.no-cssgrid .gallery-shortcode.gallery-masonry-shortcode-id-0b6ff49003481bfe4cfb6a13e96a04eb.resize-by-browser-width .dt-css-grid {\n  margin: -10px;\n}\n.cssgridlegacy.no-cssgrid .gallery-shortcode.gallery-masonry-shortcode-id-0b6ff49003481bfe4cfb6a13e96a04eb.resize-by-browser-width .dt-css-grid .wf-cell {\n  width: 50%;\n  padding: 10px;\n}\n.cssgridlegacy.no-cssgrid .gallery-shortcode.gallery-masonry-shortcode-id-0b6ff49003481bfe4cfb6a13e96a04eb.resize-by-browser-width .dt-css-grid .wf-cell.double-width {\n  width: calc(50%) * 2;\n}\n.gallery-shortcode.gallery-masonry-shortcode-id-0b6ff49003481bfe4cfb6a13e96a04eb.resize-by-browser-width:not(.centered-layout-list):not(.content-bg-on) .dt-css-grid {\n  grid-row-gap: 20px - ;\n}\n@media screen and (max-width: 1199px) {\n  .gallery-shortcode.gallery-masonry-shortcode-id-0b6ff49003481bfe4cfb6a13e96a04eb.resize-by-browser-width .dt-css-grid {\n    grid-template-columns: repeat(2,1fr);\n  }\n  .cssgridlegacy.no-cssgrid .gallery-shortcode.gallery-masonry-shortcode-id-0b6ff49003481bfe4cfb6a13e96a04eb.resize-by-browser-width .dt-css-grid .wf-cell,\n  .no-cssgridlegacy.no-cssgrid .gallery-shortcode.gallery-masonry-shortcode-id-0b6ff49003481bfe4cfb6a13e96a04eb.resize-by-browser-width .dt-css-grid .wf-cell {\n    width: 50%;\n  }\n  .cssgridlegacy.no-cssgrid .gallery-shortcode.gallery-masonry-shortcode-id-0b6ff49003481bfe4cfb6a13e96a04eb.resize-by-browser-width .dt-css-grid .wf-cell.double-width,\n  .no-cssgridlegacy.no-cssgrid .gallery-shortcode.gallery-masonry-shortcode-id-0b6ff49003481bfe4cfb6a13e96a04eb.resize-by-browser-width .dt-css-grid .wf-cell.double-width {\n    width: calc(50%)*2;\n  }\n}\n@media screen and (max-width: 991px) {\n  .gallery-shortcode.gallery-masonry-shortcode-id-0b6ff49003481bfe4cfb6a13e96a04eb.resize-by-browser-width .dt-css-grid {\n    grid-template-columns: repeat(2,1fr);\n  }\n  .cssgridlegacy.no-cssgrid .gallery-shortcode.gallery-masonry-shortcode-id-0b6ff49003481bfe4cfb6a13e96a04eb.resize-by-browser-width .dt-css-grid .wf-cell,\n  .no-cssgridlegacy.no-cssgrid .gallery-shortcode.gallery-masonry-shortcode-id-0b6ff49003481bfe4cfb6a13e96a04eb.resize-by-browser-width .dt-css-grid .wf-cell {\n    width: 50%;\n  }\n  .cssgridlegacy.no-cssgrid .gallery-shortcode.gallery-masonry-shortcode-id-0b6ff49003481bfe4cfb6a13e96a04eb.resize-by-browser-width .dt-css-grid .wf-cell.double-width,\n  .no-cssgridlegacy.no-cssgrid .gallery-shortcode.gallery-masonry-shortcode-id-0b6ff49003481bfe4cfb6a13e96a04eb.resize-by-browser-width .dt-css-grid .wf-cell.double-width {\n    width: calc(50%)*2;\n  }\n}\n@media screen and (max-width: 767px) {\n  .gallery-shortcode.gallery-masonry-shortcode-id-0b6ff49003481bfe4cfb6a13e96a04eb.resize-by-browser-width .dt-css-grid {\n    grid-template-columns: repeat(1,1fr);\n  }\n  .cssgridlegacy.no-cssgrid .gallery-shortcode.gallery-masonry-shortcode-id-0b6ff49003481bfe4cfb6a13e96a04eb.resize-by-browser-width .dt-css-grid .wf-cell,\n  .no-cssgridlegacy.no-cssgrid .gallery-shortcode.gallery-masonry-shortcode-id-0b6ff49003481bfe4cfb6a13e96a04eb.resize-by-browser-width .dt-css-grid .wf-cell {\n    width: 100%;\n  }\n  .cssgridlegacy.no-cssgrid .gallery-shortcode.gallery-masonry-shortcode-id-0b6ff49003481bfe4cfb6a13e96a04eb.resize-by-browser-width .dt-css-grid .wf-cell.double-width,\n  .no-cssgridlegacy.no-cssgrid .gallery-shortcode.gallery-masonry-shortcode-id-0b6ff49003481bfe4cfb6a13e96a04eb.resize-by-browser-width .dt-css-grid .wf-cell.double-width {\n    width: calc(100%)*2;\n  }\n}\n<\/style><div class=\"gallery-shortcode dt-gallery-container gallery-masonry-shortcode-id-0b6ff49003481bfe4cfb6a13e96a04eb mode-grid jquery-filter dt-icon-bg-off quick-scale-img dt-css-grid-wrap enable-bg-rollover resize-by-browser-width  hover-fade loading-effect-fade-in description-on-hover\" data-padding=\"10px\" data-cur-page=\"1\" data-post-limit=\"-1\" data-pagination-mode=\"none\" data-desktop-columns-num=\"2\" data-v-tablet-columns-num=\"2\" data-h-tablet-columns-num=\"2\" data-phone-columns-num=\"1\" data-width=\"0px\" data-columns=\"0\"><div class=\"dt-css-grid\" ><div class=\"wf-cell\" data-post-id=\"2288\" data-date=\"2019-02-15T16:31:42+01:00\" data-name=\"ARCELOR MITTAL CASISA\"><figure class=\"post visible\"><a href=\"https:\/\/casisasteel.com\/wp-content\/uploads\/2019\/02\/TRANSVERSAL-1.jpg\" class=\"rollover dt-pswp-item layzr-bg\" data-large_image_width=\"1365\" data-large_image_height=\"768\" data-dt-img-description=\"\" title=\"ARCELOR MITTAL CASISA\"><img fetchpriority=\"high\" decoding=\"async\" class=\"preload-me iso-lazy-load aspect\" src=\"data:image\/svg+xml,%3Csvg%20xmlns%3D&#39;http%3A%2F%2Fwww.w3.org%2F2000%2Fsvg&#39;%20viewBox%3D&#39;0%200%20768%20768&#39;%2F%3E\" data-src=\"https:\/\/casisasteel.com\/wp-content\/uploads\/2019\/02\/TRANSVERSAL-1-768x768.jpg\" data-srcset=\"https:\/\/casisasteel.com\/wp-content\/uploads\/2019\/02\/TRANSVERSAL-1-768x768.jpg 768w\" loading=\"eager\" style=\"--ratio: 768 \/ 768\" sizes=\"(max-width: 768px) 100vw, 768px\" alt=\"\" width=\"768\" height=\"768\"  \/><span class=\"gallery-rollover\"><span class=\"gallery-zoom-ico icomoon-the7-font-the7-zoom-06\"><span><\/span><\/span><\/span><\/a><\/figure><\/div><div class=\"wf-cell\" data-post-id=\"2289\" data-date=\"2019-02-15T16:31:44+01:00\" data-name=\"ARCELOR MITTAL CASISA\"><figure class=\"post visible\"><a href=\"https:\/\/casisasteel.com\/wp-content\/uploads\/2019\/02\/TRANSVERSAL-2-e1550244713314.jpg\" class=\"rollover dt-pswp-item layzr-bg\" data-large_image_width=\"768\" data-large_image_height=\"1152\" data-dt-img-description=\"\" title=\"ARCELOR MITTAL CASISA\"><img decoding=\"async\" class=\"preload-me iso-lazy-load aspect\" src=\"data:image\/svg+xml,%3Csvg%20xmlns%3D&#39;http%3A%2F%2Fwww.w3.org%2F2000%2Fsvg&#39;%20viewBox%3D&#39;0%200%20768%20768&#39;%2F%3E\" data-src=\"https:\/\/casisasteel.com\/wp-content\/uploads\/2019\/02\/TRANSVERSAL-2-e1550244713314-768x768.jpg\" data-srcset=\"https:\/\/casisasteel.com\/wp-content\/uploads\/2019\/02\/TRANSVERSAL-2-e1550244713314-768x768.jpg 768w\" loading=\"eager\" style=\"--ratio: 768 \/ 768\" sizes=\"(max-width: 768px) 100vw, 768px\" alt=\"\" width=\"768\" height=\"768\"  \/><span class=\"gallery-rollover\"><span class=\"gallery-zoom-ico icomoon-the7-font-the7-zoom-06\"><span><\/span><\/span><\/span><\/a><\/figure><\/div><div class=\"wf-cell\" data-post-id=\"2290\" data-date=\"2019-02-19T11:41:23+01:00\" data-name=\"ARCELOR MITTAL CASISA\"><figure class=\"post visible\"><a href=\"https:\/\/casisasteel.com\/wp-content\/uploads\/2019\/02\/DSC_5801.jpg\" class=\"rollover dt-pswp-item layzr-bg\" data-large_image_width=\"1150\" data-large_image_height=\"768\" data-dt-img-description=\"\" title=\"ARCELOR MITTAL CASISA\"><img decoding=\"async\" class=\"preload-me iso-lazy-load aspect\" src=\"data:image\/svg+xml,%3Csvg%20xmlns%3D&#39;http%3A%2F%2Fwww.w3.org%2F2000%2Fsvg&#39;%20viewBox%3D&#39;0%200%20768%20768&#39;%2F%3E\" data-src=\"https:\/\/casisasteel.com\/wp-content\/uploads\/2019\/02\/DSC_5801-768x768.jpg\" data-srcset=\"https:\/\/casisasteel.com\/wp-content\/uploads\/2019\/02\/DSC_5801-768x768.jpg 768w\" loading=\"eager\" style=\"--ratio: 768 \/ 768\" sizes=\"(max-width: 768px) 100vw, 768px\" alt=\"\" width=\"768\" height=\"768\"  \/><span class=\"gallery-rollover\"><span class=\"gallery-zoom-ico icomoon-the7-font-the7-zoom-06\"><span><\/span><\/span><\/span><\/a><\/figure><\/div><div class=\"wf-cell\" data-post-id=\"2291\" data-date=\"2019-02-19T11:42:27+01:00\" data-name=\"ARCELOR MITTAL CASISA\"><figure class=\"post visible\"><a href=\"https:\/\/casisasteel.com\/wp-content\/uploads\/2019\/02\/corte-trans-1.jpg\" class=\"rollover dt-pswp-item layzr-bg\" data-large_image_width=\"415\" data-large_image_height=\"291\" data-dt-img-description=\"\" title=\"ARCELOR MITTAL CASISA\"><img decoding=\"async\" class=\"preload-me iso-lazy-load aspect\" src=\"data:image\/svg+xml,%3Csvg%20xmlns%3D&#39;http%3A%2F%2Fwww.w3.org%2F2000%2Fsvg&#39;%20viewBox%3D&#39;0%200%20291%20291&#39;%2F%3E\" data-src=\"https:\/\/casisasteel.com\/wp-content\/uploads\/2019\/02\/corte-trans-1-291x291.jpg\" data-srcset=\"https:\/\/casisasteel.com\/wp-content\/uploads\/2019\/02\/corte-trans-1-291x291.jpg 291w\" loading=\"eager\" style=\"--ratio: 291 \/ 291\" sizes=\"(max-width: 291px) 100vw, 291px\" alt=\"\" width=\"291\" height=\"291\"  \/><span class=\"gallery-rollover\"><span class=\"gallery-zoom-ico icomoon-the7-font-the7-zoom-06\"><span><\/span><\/span><\/span><\/a><\/figure><\/div><\/div><!-- iso-container|iso-grid --><\/div>[\/vc_column][\/vc_row]<\/p>\n<\/div>","protected":false},"excerpt":{"rendered":"<p>[vc_row type=\u00a0\u00bbvc_default\u00a0\u00bb][vc_column css_animation=\u00a0\u00bbfadeInLeft\u00a0\u00bb width=\u00a0\u00bb1\/2&Prime; css=\u00a0\u00bb.vc_custom_1550154096899{padding-bottom: 50px !important;}\u00a0\u00bb][vc_column_text]Nous disposons de 4 lignes de d\u00e9coupe en feuilles (2 \u00e0 Barcelone, 2 en Asturies). Toutes \u00e9quip\u00e9es de d\u00e9tecteurs automatiques de trous. Elles offrent \u00e9galement la possibilit\u00e9 de d\u00e9coupe en pr\u00e9-scroll.[\/vc_column_text][\/vc_column][vc_column css_animation=\u00a0\u00bbfadeInRight\u00a0\u00bb width=\u00a0\u00bb1\/2&Prime; css=\u00a0\u00bb.vc_custom_1550154104522{padding-bottom: 50px !important;}\u00a0\u00bb][\/vc_column][\/vc_row]<\/p>\n","protected":false},"author":2,"featured_media":0,"parent":2163,"menu_order":110,"comment_status":"closed","ping_status":"closed","template":"","meta":{"jetpack_post_was_ever_published":false,"footnotes":""},"class_list":["post-2192","page","type-page","status-publish","hentry","description-off"],"jetpack_sharing_enabled":true,"jetpack_shortlink":"https:\/\/wp.me\/Pb6mSq-zm","_links":{"self":[{"href":"https:\/\/casisasteel.com\/fr\/wp-json\/wp\/v2\/pages\/2192","targetHints":{"allow":["GET"]}}],"collection":[{"href":"https:\/\/casisasteel.com\/fr\/wp-json\/wp\/v2\/pages"}],"about":[{"href":"https:\/\/casisasteel.com\/fr\/wp-json\/wp\/v2\/types\/page"}],"author":[{"embeddable":true,"href":"https:\/\/casisasteel.com\/fr\/wp-json\/wp\/v2\/users\/2"}],"replies":[{"embeddable":true,"href":"https:\/\/casisasteel.com\/fr\/wp-json\/wp\/v2\/comments?post=2192"}],"version-history":[{"count":4,"href":"https:\/\/casisasteel.com\/fr\/wp-json\/wp\/v2\/pages\/2192\/revisions"}],"predecessor-version":[{"id":2649,"href":"https:\/\/casisasteel.com\/fr\/wp-json\/wp\/v2\/pages\/2192\/revisions\/2649"}],"up":[{"embeddable":true,"href":"https:\/\/casisasteel.com\/fr\/wp-json\/wp\/v2\/pages\/2163"}],"wp:attachment":[{"href":"https:\/\/casisasteel.com\/fr\/wp-json\/wp\/v2\/media?parent=2192"}],"curies":[{"name":"wp","href":"https:\/\/api.w.org\/{rel}","templated":true}]}}