{"id":2180,"date":"2017-03-26T14:10:20","date_gmt":"2017-03-26T12:10:20","guid":{"rendered":"https:\/\/casisasteel.com\/valores\/"},"modified":"2024-10-10T10:13:27","modified_gmt":"2024-10-10T08:13:27","slug":"valeurs","status":"publish","type":"page","link":"https:\/\/casisasteel.com\/fr\/nous-connaitre\/valeurs\/","title":{"rendered":"Valeurs"},"content":{"rendered":"<div class=\"wpb-content-wrapper\"><p>[vc_row type=\u00a0\u00bbvc_default\u00a0\u00bb css=\u00a0\u00bb.vc_custom_1476008791393{padding-top: 70px !important;padding-bottom: 25px !important;}\u00a0\u00bb][vc_column css_animation=\u00a0\u00bbfadeInLeft\u00a0\u00bb offset=\u00a0\u00bbvc_col-lg-6 vc_col-md-6 vc_col-xs-12&Prime; css=\u00a0\u00bb.vc_custom_1550154650486{padding-bottom: 50px !important;}\u00a0\u00bb]<div id=\"ultimate-heading-35469e1b949ac154\" class=\"uvc-heading ult-adjust-bottom-margin ultimate-heading-35469e1b949ac154 uvc-7481 \" data-hspacer=\"no_spacer\"  data-halign=\"left\" style=\"text-align:left\"><div class=\"uvc-heading-spacer no_spacer\" style=\"top\"><\/div><div class=\"uvc-main-heading ult-responsive\"  data-ultimate-target='.uvc-heading.ultimate-heading-35469e1b949ac154 h2'  data-responsive-json-new='{\"font-size\":\"desktop:26px;\",\"line-height\":\"desktop:32px;\"}' ><h2 style=\"font-weight:bold;margin-bottom:20px;\">VALEURS DE CASISA<\/h2><\/div><\/div>[vc_column_text]L\u2019exp\u00e9rience est une valeur cl\u00e9 de CASISA. Les produits que nous livrons \u00e9tant destin\u00e9s \u00e0 \u00eatre en contact avec les aliments, ils doivent imp\u00e9rativement respecter les normes du secteur. <strong> C\u2019est pourquoi nous travaillons sans cesse au maintien des comp\u00e9tences de nos collaborateurs et au d\u00e9veloppement de nos syst\u00e8mes de contr\u00f4le<\/strong>.<\/p>\n<p><strong>L\u2019esprit d\u2019\u00e9quipe est \u00e9galement fondamental<\/strong>. <strong>CASISA<\/strong> est avant tout une entreprise de service qui doit \u00eatre \u00e0 la fois agile et flexible. Nous y parvenons en partageant cette vision avec tout le personnel de CASISA et gr\u00e2ce \u00e0 son implication.<\/p>\n<p><strong>Enfin nous nous appuyons sur les principes de d\u00e9veloppement continu<\/strong> pour am\u00e9liorer notre service au client mais \u00e9galement notre cadre de travail convaincu que ce faisant nous am\u00e9liorons \u00e9galement nos performances.[\/vc_column_text][\/vc_column][vc_column css_animation=\u00a0\u00bbfadeInRight\u00a0\u00bb offset=\u00a0\u00bbvc_col-lg-6 vc_col-md-6 vc_col-xs-12&Prime; css=\u00a0\u00bb.vc_custom_1550154659346{padding-bottom: 50px !important;}\u00a0\u00bb][vc_single_image image=\u00a0\u00bb2305&Prime; img_size=\u00a0\u00bbfull\u00a0\u00bb][\/vc_column][\/vc_row]<\/p>\n<p><a href=\"https:\/\/casisasteel.com\/wp-content\/uploads\/2024\/10\/PoliFr2024.pdf\" target=\"_blank\" rel=\"noopener\">Telecharger la politique de notre entreprise<\/a><\/p>\n<\/div>","protected":false},"excerpt":{"rendered":"<p>[vc_row type=\u00a0\u00bbvc_default\u00a0\u00bb css=\u00a0\u00bb.vc_custom_1476008791393{padding-top: 70px !important;padding-bottom: 25px !important;}\u00a0\u00bb][vc_column css_animation=\u00a0\u00bbfadeInLeft\u00a0\u00bb offset=\u00a0\u00bbvc_col-lg-6 vc_col-md-6 vc_col-xs-12&Prime; css=\u00a0\u00bb.vc_custom_1550154650486{padding-bottom: 50px !important;}\u00a0\u00bb][vc_column_text]L\u2019exp\u00e9rience est une valeur cl\u00e9 de CASISA. Les produits que nous livrons \u00e9tant destin\u00e9s \u00e0 \u00eatre en contact avec les aliments, ils doivent imp\u00e9rativement respecter les normes du secteur. C\u2019est pourquoi nous travaillons sans cesse au maintien des comp\u00e9tences de nos collaborateurs&hellip;<\/p>\n","protected":false},"author":2,"featured_media":0,"parent":2322,"menu_order":0,"comment_status":"closed","ping_status":"closed","template":"","meta":{"jetpack_post_was_ever_published":false,"footnotes":""},"class_list":["post-2180","page","type-page","status-publish","hentry","description-off"],"jetpack_sharing_enabled":true,"jetpack_shortlink":"https:\/\/wp.me\/Pb6mSq-za","_links":{"self":[{"href":"https:\/\/casisasteel.com\/fr\/wp-json\/wp\/v2\/pages\/2180","targetHints":{"allow":["GET"]}}],"collection":[{"href":"https:\/\/casisasteel.com\/fr\/wp-json\/wp\/v2\/pages"}],"about":[{"href":"https:\/\/casisasteel.com\/fr\/wp-json\/wp\/v2\/types\/page"}],"author":[{"embeddable":true,"href":"https:\/\/casisasteel.com\/fr\/wp-json\/wp\/v2\/users\/2"}],"replies":[{"embeddable":true,"href":"https:\/\/casisasteel.com\/fr\/wp-json\/wp\/v2\/comments?post=2180"}],"version-history":[{"count":9,"href":"https:\/\/casisasteel.com\/fr\/wp-json\/wp\/v2\/pages\/2180\/revisions"}],"predecessor-version":[{"id":28269,"href":"https:\/\/casisasteel.com\/fr\/wp-json\/wp\/v2\/pages\/2180\/revisions\/28269"}],"up":[{"embeddable":true,"href":"https:\/\/casisasteel.com\/fr\/wp-json\/wp\/v2\/pages\/2322"}],"wp:attachment":[{"href":"https:\/\/casisasteel.com\/fr\/wp-json\/wp\/v2\/media?parent=2180"}],"curies":[{"name":"wp","href":"https:\/\/api.w.org\/{rel}","templated":true}]}}