{"id":2174,"date":"2016-01-30T21:56:24","date_gmt":"2016-01-30T20:56:24","guid":{"rendered":"https:\/\/casisasteel.com\/nuestra-oferta\/corte-longitudinal\/"},"modified":"2019-08-29T12:45:30","modified_gmt":"2019-08-29T10:45:30","slug":"refendu-feuillards-bobine","status":"publish","type":"page","link":"https:\/\/casisasteel.com\/fr\/notre-offre\/refendu-feuillards-bobine\/","title":{"rendered":"Refendage"},"content":{"rendered":"<div class=\"wpb-content-wrapper\"><p>[vc_row type=\u00a0\u00bbvc_default\u00a0\u00bb][vc_column css_animation=\u00a0\u00bbfadeInLeft\u00a0\u00bb width=\u00a0\u00bb1\/2&Prime; css=\u00a0\u00bb.vc_custom_1550154230165{padding-bottom: 50px !important;}\u00a0\u00bb]<div id=\"ultimate-heading-219369e1b914a4b70\" class=\"uvc-heading ult-adjust-bottom-margin ultimate-heading-219369e1b914a4b70 uvc-3416 \" data-hspacer=\"no_spacer\"  data-halign=\"left\" style=\"text-align:left\"><div class=\"uvc-heading-spacer no_spacer\" style=\"top\"><\/div><div class=\"uvc-main-heading ult-responsive\"  data-ultimate-target='.uvc-heading.ultimate-heading-219369e1b914a4b70 h2'  data-responsive-json-new='{\"font-size\":\"desktop:26px;\",\"line-height\":\"desktop:32px;\"}' ><h2 style=\"font-weight:bold;margin-bottom:20px;\">REFENDAGE<\/h2><\/div><\/div>[vc_column_text]<strong>Notre ligne de refendage d\u00e9coupe des feuillards et tabstocks.<\/strong><\/p>\n<p><strong>Nous pouvons refendre jusqu\u2019\u00e0 20 mm en partant de bobines jusqu\u2019\u00e0 1200 mm.<\/strong><\/p>\n<p><strong>L\u2019emballage du produit est d\u00e9fini avec le client en tenant compte de ses capacit\u00e9s de manipulation ainsi que de ses exigences qualit\u00e9. <\/strong>[\/vc_column_text][\/vc_column][vc_column css_animation=\u00a0\u00bbfadeInRight\u00a0\u00bb width=\u00a0\u00bb1\/2&Prime; css=\u00a0\u00bb.vc_custom_1550154240241{padding-bottom: 50px !important;}\u00a0\u00bb]<style type=\"text\/css\" data-type=\"the7_shortcodes-inline-css\">.gallery-shortcode.gallery-masonry-shortcode-id-80f0ae79c8d2bac57e033e8045680367 figure,\n.gallery-shortcode.gallery-masonry-shortcode-id-80f0ae79c8d2bac57e033e8045680367 .rollover,\n.gallery-shortcode.gallery-masonry-shortcode-id-80f0ae79c8d2bac57e033e8045680367 img,\n.gallery-shortcode.gallery-masonry-shortcode-id-80f0ae79c8d2bac57e033e8045680367 .gallery-rollover {\n  border-radius: 0px;\n}\n.gallery-shortcode.gallery-masonry-shortcode-id-80f0ae79c8d2bac57e033e8045680367.enable-bg-rollover .gallery-rollover {\n  background: -webkit-linear-gradient();\n  background: linear-gradient();\n}\n.gallery-shortcode.gallery-masonry-shortcode-id-80f0ae79c8d2bac57e033e8045680367.enable-bg-rollover.hover-scale figure .rollover:after {\n  background: -webkit-linear-gradient();\n  background: linear-gradient();\n}\n.gallery-shortcode.gallery-masonry-shortcode-id-80f0ae79c8d2bac57e033e8045680367 .gallery-zoom-ico {\n  width: 44px;\n  height: 44px;\n  line-height: 44px;\n  border-radius: 100px;\n  margin: -22px 0 0 -22px;\n  border-width: 0px;\n  color: #ffffff;\n}\n.dt-icon-bg-on.gallery-shortcode.gallery-masonry-shortcode-id-80f0ae79c8d2bac57e033e8045680367 .gallery-zoom-ico {\n  background: rgba(255,255,255,0.3);\n  box-shadow: none;\n}\n.gallery-shortcode.gallery-masonry-shortcode-id-80f0ae79c8d2bac57e033e8045680367 .gallery-zoom-ico:before,\n.gallery-shortcode.gallery-masonry-shortcode-id-80f0ae79c8d2bac57e033e8045680367 .gallery-zoom-ico span {\n  font-size: 32px;\n  line-height: 44px;\n  color: #ffffff;\n}\n.gallery-shortcode.gallery-masonry-shortcode-id-80f0ae79c8d2bac57e033e8045680367:not(.resize-by-browser-width) .dt-css-grid {\n  grid-row-gap: 20px;\n  grid-column-gap: 20px;\n  grid-template-columns: repeat(auto-fill,minmax(,1fr));\n}\n.gallery-shortcode.gallery-masonry-shortcode-id-80f0ae79c8d2bac57e033e8045680367:not(.resize-by-browser-width) .dt-css-grid .double-width {\n  grid-column: span 2;\n}\n.cssgridlegacy.no-cssgrid .gallery-shortcode.gallery-masonry-shortcode-id-80f0ae79c8d2bac57e033e8045680367:not(.resize-by-browser-width) .dt-css-grid,\n.no-cssgridlegacy.no-cssgrid .gallery-shortcode.gallery-masonry-shortcode-id-80f0ae79c8d2bac57e033e8045680367:not(.resize-by-browser-width) .dt-css-grid {\n  display: flex;\n  flex-flow: row wrap;\n  margin: -10px;\n}\n.cssgridlegacy.no-cssgrid .gallery-shortcode.gallery-masonry-shortcode-id-80f0ae79c8d2bac57e033e8045680367:not(.resize-by-browser-width) .dt-css-grid .wf-cell,\n.no-cssgridlegacy.no-cssgrid .gallery-shortcode.gallery-masonry-shortcode-id-80f0ae79c8d2bac57e033e8045680367:not(.resize-by-browser-width) .dt-css-grid .wf-cell {\n  flex: 1 0 ;\n  max-width: 100%;\n  padding: 10px;\n  box-sizing: border-box;\n}\n.gallery-shortcode.gallery-masonry-shortcode-id-80f0ae79c8d2bac57e033e8045680367.resize-by-browser-width .dt-css-grid {\n  grid-template-columns: repeat(2,1fr);\n  grid-template-rows: auto;\n  grid-column-gap: 20px;\n  grid-row-gap: 20px;\n}\n.gallery-shortcode.gallery-masonry-shortcode-id-80f0ae79c8d2bac57e033e8045680367.resize-by-browser-width .dt-css-grid .double-width {\n  grid-column: span 2;\n}\n.cssgridlegacy.no-cssgrid .gallery-shortcode.gallery-masonry-shortcode-id-80f0ae79c8d2bac57e033e8045680367.resize-by-browser-width .dt-css-grid {\n  margin: -10px;\n}\n.cssgridlegacy.no-cssgrid .gallery-shortcode.gallery-masonry-shortcode-id-80f0ae79c8d2bac57e033e8045680367.resize-by-browser-width .dt-css-grid .wf-cell {\n  width: 50%;\n  padding: 10px;\n}\n.cssgridlegacy.no-cssgrid .gallery-shortcode.gallery-masonry-shortcode-id-80f0ae79c8d2bac57e033e8045680367.resize-by-browser-width .dt-css-grid .wf-cell.double-width {\n  width: calc(50%) * 2;\n}\n.gallery-shortcode.gallery-masonry-shortcode-id-80f0ae79c8d2bac57e033e8045680367.resize-by-browser-width:not(.centered-layout-list):not(.content-bg-on) .dt-css-grid {\n  grid-row-gap: 20px - ;\n}\n@media screen and (max-width: 1199px) {\n  .gallery-shortcode.gallery-masonry-shortcode-id-80f0ae79c8d2bac57e033e8045680367.resize-by-browser-width .dt-css-grid {\n    grid-template-columns: repeat(2,1fr);\n  }\n  .cssgridlegacy.no-cssgrid .gallery-shortcode.gallery-masonry-shortcode-id-80f0ae79c8d2bac57e033e8045680367.resize-by-browser-width .dt-css-grid .wf-cell,\n  .no-cssgridlegacy.no-cssgrid .gallery-shortcode.gallery-masonry-shortcode-id-80f0ae79c8d2bac57e033e8045680367.resize-by-browser-width .dt-css-grid .wf-cell {\n    width: 50%;\n  }\n  .cssgridlegacy.no-cssgrid .gallery-shortcode.gallery-masonry-shortcode-id-80f0ae79c8d2bac57e033e8045680367.resize-by-browser-width .dt-css-grid .wf-cell.double-width,\n  .no-cssgridlegacy.no-cssgrid .gallery-shortcode.gallery-masonry-shortcode-id-80f0ae79c8d2bac57e033e8045680367.resize-by-browser-width .dt-css-grid .wf-cell.double-width {\n    width: calc(50%)*2;\n  }\n}\n@media screen and (max-width: 991px) {\n  .gallery-shortcode.gallery-masonry-shortcode-id-80f0ae79c8d2bac57e033e8045680367.resize-by-browser-width .dt-css-grid {\n    grid-template-columns: repeat(2,1fr);\n  }\n  .cssgridlegacy.no-cssgrid .gallery-shortcode.gallery-masonry-shortcode-id-80f0ae79c8d2bac57e033e8045680367.resize-by-browser-width .dt-css-grid .wf-cell,\n  .no-cssgridlegacy.no-cssgrid .gallery-shortcode.gallery-masonry-shortcode-id-80f0ae79c8d2bac57e033e8045680367.resize-by-browser-width .dt-css-grid .wf-cell {\n    width: 50%;\n  }\n  .cssgridlegacy.no-cssgrid .gallery-shortcode.gallery-masonry-shortcode-id-80f0ae79c8d2bac57e033e8045680367.resize-by-browser-width .dt-css-grid .wf-cell.double-width,\n  .no-cssgridlegacy.no-cssgrid .gallery-shortcode.gallery-masonry-shortcode-id-80f0ae79c8d2bac57e033e8045680367.resize-by-browser-width .dt-css-grid .wf-cell.double-width {\n    width: calc(50%)*2;\n  }\n}\n@media screen and (max-width: 767px) {\n  .gallery-shortcode.gallery-masonry-shortcode-id-80f0ae79c8d2bac57e033e8045680367.resize-by-browser-width .dt-css-grid {\n    grid-template-columns: repeat(1,1fr);\n  }\n  .cssgridlegacy.no-cssgrid .gallery-shortcode.gallery-masonry-shortcode-id-80f0ae79c8d2bac57e033e8045680367.resize-by-browser-width .dt-css-grid .wf-cell,\n  .no-cssgridlegacy.no-cssgrid .gallery-shortcode.gallery-masonry-shortcode-id-80f0ae79c8d2bac57e033e8045680367.resize-by-browser-width .dt-css-grid .wf-cell {\n    width: 100%;\n  }\n  .cssgridlegacy.no-cssgrid .gallery-shortcode.gallery-masonry-shortcode-id-80f0ae79c8d2bac57e033e8045680367.resize-by-browser-width .dt-css-grid .wf-cell.double-width,\n  .no-cssgridlegacy.no-cssgrid .gallery-shortcode.gallery-masonry-shortcode-id-80f0ae79c8d2bac57e033e8045680367.resize-by-browser-width .dt-css-grid .wf-cell.double-width {\n    width: calc(100%)*2;\n  }\n}\n<\/style><div class=\"gallery-shortcode dt-gallery-container gallery-masonry-shortcode-id-80f0ae79c8d2bac57e033e8045680367 mode-masonry jquery-filter dt-icon-bg-off quick-scale-img enable-bg-rollover resize-by-browser-width  hover-fade loading-effect-none description-on-hover\" data-padding=\"10px\" data-cur-page=\"1\" data-post-limit=\"-1\" data-pagination-mode=\"none\" data-desktop-columns-num=\"2\" data-v-tablet-columns-num=\"2\" data-h-tablet-columns-num=\"2\" data-phone-columns-num=\"1\" data-width=\"0px\" data-columns=\"0\"><div class=\"iso-container\" ><div class=\"wf-cell iso-item\" data-post-id=\"2285\" data-date=\"2019-02-15T16:27:31+01:00\" data-name=\"ARCELOR MITTAL CASISA\"><figure class=\"post visible\"><a href=\"https:\/\/casisasteel.com\/wp-content\/uploads\/2019\/02\/LONGITUDINAL-4.jpg\" class=\"rollover dt-pswp-item layzr-bg\" data-large_image_width=\"1152\" data-large_image_height=\"768\" data-dt-img-description=\"\" title=\"ARCELOR MITTAL CASISA\"><img fetchpriority=\"high\" decoding=\"async\" class=\"preload-me iso-lazy-load aspect\" src=\"data:image\/svg+xml,%3Csvg%20xmlns%3D&#39;http%3A%2F%2Fwww.w3.org%2F2000%2Fsvg&#39;%20viewBox%3D&#39;0%200%20768%20768&#39;%2F%3E\" data-src=\"https:\/\/casisasteel.com\/wp-content\/uploads\/2019\/02\/LONGITUDINAL-4-768x768.jpg\" data-srcset=\"https:\/\/casisasteel.com\/wp-content\/uploads\/2019\/02\/LONGITUDINAL-4-768x768.jpg 768w\" loading=\"eager\" style=\"--ratio: 768 \/ 768\" sizes=\"(max-width: 768px) 100vw, 768px\" alt=\"\" width=\"768\" height=\"768\"  \/><span class=\"gallery-rollover\"><span class=\"gallery-zoom-ico icomoon-the7-font-the7-zoom-06\"><span><\/span><\/span><\/span><\/a><\/figure><\/div><div class=\"wf-cell iso-item\" data-post-id=\"2300\" data-date=\"2019-02-15T16:26:00+01:00\" data-name=\"ARCELOR MITTAL CASISA\"><figure class=\"post visible\"><a href=\"https:\/\/casisasteel.com\/wp-content\/uploads\/2019\/02\/LONGITUDINAL-2.jpg\" class=\"rollover dt-pswp-item layzr-bg\" data-large_image_width=\"1152\" data-large_image_height=\"768\" data-dt-img-description=\"\" title=\"ARCELOR MITTAL CASISA\"><img decoding=\"async\" class=\"preload-me iso-lazy-load aspect\" src=\"data:image\/svg+xml,%3Csvg%20xmlns%3D&#39;http%3A%2F%2Fwww.w3.org%2F2000%2Fsvg&#39;%20viewBox%3D&#39;0%200%20768%20768&#39;%2F%3E\" data-src=\"https:\/\/casisasteel.com\/wp-content\/uploads\/2019\/02\/LONGITUDINAL-2-768x768.jpg\" data-srcset=\"https:\/\/casisasteel.com\/wp-content\/uploads\/2019\/02\/LONGITUDINAL-2-768x768.jpg 768w\" loading=\"eager\" style=\"--ratio: 768 \/ 768\" sizes=\"(max-width: 768px) 100vw, 768px\" alt=\"\" width=\"768\" height=\"768\"  \/><span class=\"gallery-rollover\"><span class=\"gallery-zoom-ico icomoon-the7-font-the7-zoom-06\"><span><\/span><\/span><\/span><\/a><\/figure><\/div><div class=\"wf-cell iso-item\" data-post-id=\"2286\" data-date=\"2019-02-15T16:27:33+01:00\" data-name=\"ARCELOR MITTAL CASISA\"><figure class=\"post visible\"><a href=\"https:\/\/casisasteel.com\/wp-content\/uploads\/2019\/02\/LONGITUDINAL-1.jpg\" class=\"rollover dt-pswp-item layzr-bg\" data-large_image_width=\"1152\" data-large_image_height=\"768\" data-dt-img-description=\"\" title=\"ARCELOR MITTAL CASISA\"><img decoding=\"async\" class=\"preload-me iso-lazy-load aspect\" src=\"data:image\/svg+xml,%3Csvg%20xmlns%3D&#39;http%3A%2F%2Fwww.w3.org%2F2000%2Fsvg&#39;%20viewBox%3D&#39;0%200%20768%20768&#39;%2F%3E\" data-src=\"https:\/\/casisasteel.com\/wp-content\/uploads\/2019\/02\/LONGITUDINAL-1-768x768.jpg\" data-srcset=\"https:\/\/casisasteel.com\/wp-content\/uploads\/2019\/02\/LONGITUDINAL-1-768x768.jpg 768w\" loading=\"eager\" style=\"--ratio: 768 \/ 768\" sizes=\"(max-width: 768px) 100vw, 768px\" alt=\"\" width=\"768\" height=\"768\"  \/><span class=\"gallery-rollover\"><span class=\"gallery-zoom-ico icomoon-the7-font-the7-zoom-06\"><span><\/span><\/span><\/span><\/a><\/figure><\/div><div class=\"wf-cell iso-item\" data-post-id=\"2287\" data-date=\"2019-02-15T16:27:34+01:00\" data-name=\"ARCELOR MITTAL CASISA\"><figure class=\"post visible\"><a href=\"https:\/\/casisasteel.com\/wp-content\/uploads\/2019\/02\/LONGITUDINAL-3.jpg\" class=\"rollover dt-pswp-item layzr-bg\" data-large_image_width=\"1152\" data-large_image_height=\"768\" data-dt-img-description=\"\" title=\"ARCELOR MITTAL CASISA\"><img decoding=\"async\" class=\"preload-me iso-lazy-load aspect\" src=\"data:image\/svg+xml,%3Csvg%20xmlns%3D&#39;http%3A%2F%2Fwww.w3.org%2F2000%2Fsvg&#39;%20viewBox%3D&#39;0%200%20768%20768&#39;%2F%3E\" data-src=\"https:\/\/casisasteel.com\/wp-content\/uploads\/2019\/02\/LONGITUDINAL-3-768x768.jpg\" data-srcset=\"https:\/\/casisasteel.com\/wp-content\/uploads\/2019\/02\/LONGITUDINAL-3-768x768.jpg 768w\" loading=\"eager\" style=\"--ratio: 768 \/ 768\" sizes=\"(max-width: 768px) 100vw, 768px\" alt=\"\" width=\"768\" height=\"768\"  \/><span class=\"gallery-rollover\"><span class=\"gallery-zoom-ico icomoon-the7-font-the7-zoom-06\"><span><\/span><\/span><\/span><\/a><\/figure><\/div><\/div><!-- iso-container|iso-grid --><\/div>[\/vc_column][\/vc_row]<\/p>\n<\/div>","protected":false},"excerpt":{"rendered":"<p>[vc_row type=\u00a0\u00bbvc_default\u00a0\u00bb][vc_column css_animation=\u00a0\u00bbfadeInLeft\u00a0\u00bb width=\u00a0\u00bb1\/2&Prime; css=\u00a0\u00bb.vc_custom_1550154230165{padding-bottom: 50px !important;}\u00a0\u00bb][vc_column_text]Notre ligne de refendage d\u00e9coupe des feuillards et tabstocks. Nous pouvons refendre jusqu\u2019\u00e0 20 mm en partant de bobines jusqu\u2019\u00e0 1200 mm. L\u2019emballage du produit est d\u00e9fini avec le client en tenant compte de ses capacit\u00e9s de manipulation ainsi que de ses exigences qualit\u00e9. [\/vc_column_text][\/vc_column][vc_column css_animation=\u00a0\u00bbfadeInRight\u00a0\u00bb width=\u00a0\u00bb1\/2&Prime; css=\u00a0\u00bb.vc_custom_1550154240241{padding-bottom: 50px&hellip;<\/p>\n","protected":false},"author":2,"featured_media":0,"parent":2163,"menu_order":100,"comment_status":"closed","ping_status":"closed","template":"","meta":{"jetpack_post_was_ever_published":false,"footnotes":""},"class_list":["post-2174","page","type-page","status-publish","hentry","description-off"],"jetpack_sharing_enabled":true,"jetpack_shortlink":"https:\/\/wp.me\/Pb6mSq-z4","_links":{"self":[{"href":"https:\/\/casisasteel.com\/fr\/wp-json\/wp\/v2\/pages\/2174","targetHints":{"allow":["GET"]}}],"collection":[{"href":"https:\/\/casisasteel.com\/fr\/wp-json\/wp\/v2\/pages"}],"about":[{"href":"https:\/\/casisasteel.com\/fr\/wp-json\/wp\/v2\/types\/page"}],"author":[{"embeddable":true,"href":"https:\/\/casisasteel.com\/fr\/wp-json\/wp\/v2\/users\/2"}],"replies":[{"embeddable":true,"href":"https:\/\/casisasteel.com\/fr\/wp-json\/wp\/v2\/comments?post=2174"}],"version-history":[{"count":5,"href":"https:\/\/casisasteel.com\/fr\/wp-json\/wp\/v2\/pages\/2174\/revisions"}],"predecessor-version":[{"id":2648,"href":"https:\/\/casisasteel.com\/fr\/wp-json\/wp\/v2\/pages\/2174\/revisions\/2648"}],"up":[{"embeddable":true,"href":"https:\/\/casisasteel.com\/fr\/wp-json\/wp\/v2\/pages\/2163"}],"wp:attachment":[{"href":"https:\/\/casisasteel.com\/fr\/wp-json\/wp\/v2\/media?parent=2174"}],"curies":[{"name":"wp","href":"https:\/\/api.w.org\/{rel}","templated":true}]}}