{"id":2170,"date":"2019-02-15T15:53:44","date_gmt":"2019-02-15T14:53:44","guid":{"rendered":"https:\/\/casisasteel.com\/nuestra-oferta\/calidad-garantizada\/"},"modified":"2019-08-29T12:35:06","modified_gmt":"2019-08-29T10:35:06","slug":"en10202-en-10202","status":"publish","type":"page","link":"https:\/\/casisasteel.com\/fr\/notre-offre\/en10202-en-10202\/","title":{"rendered":"Qualit\u00e9 Garantie"},"content":{"rendered":"<div class=\"wpb-content-wrapper\"><p>[vc_row type=\u00a0\u00bbvc_default\u00a0\u00bb css=\u00a0\u00bb.vc_custom_1476008791393{padding-top: 70px !important;padding-bottom: 25px !important;}\u00a0\u00bb][vc_column css_animation=\u00a0\u00bbfadeInLeft\u00a0\u00bb width=\u00a0\u00bb1\/2&Prime; offset=\u00a0\u00bbvc_col-lg-6 vc_col-md-6 vc_col-xs-12&Prime; css=\u00a0\u00bb.vc_custom_1550154605663{padding-bottom: 50px !important;}\u00a0\u00bb]<div id=\"ultimate-heading-121569e007609e979\" class=\"uvc-heading ult-adjust-bottom-margin ultimate-heading-121569e007609e979 uvc-8857 \" data-hspacer=\"no_spacer\"  data-halign=\"left\" style=\"text-align:left\"><div class=\"uvc-heading-spacer no_spacer\" style=\"top\"><\/div><div class=\"uvc-main-heading ult-responsive\"  data-ultimate-target='.uvc-heading.ultimate-heading-121569e007609e979 h2'  data-responsive-json-new='{\"font-size\":\"desktop:26px;\",\"line-height\":\"desktop:32px;\"}' ><h2 style=\"font-weight:bold;margin-bottom:20px;\">UN CONTR\u00d4LE COMPLET DE LA QUALIT\u00c9<\/h2><\/div><\/div><div class=\"standard-arrow list-divider bullet-top\"><ul>\n<li><strong>La garantie d\u2019un mat\u00e9riel respectant 100% la EuroNorme 10202.<\/strong><\/li>\n<li><strong>La tra\u00e7abilit\u00e9 de tous les contr\u00f4les effectu\u00e9s (duret\u00e9, dimension, planitude, rev\u00eatement\u2026).<\/strong><\/li>\n<li><strong>Un centre de d\u00e9coupe adapt\u00e9 aux normes alimentaires (HACCP).<\/strong><\/li>\n<li><strong>Une \u00e9quipe technique \u00e0 votre disposition pour adapter nos contr\u00f4les qualit\u00e9 \u00e0 vos exigences.<\/strong><\/li>\n<\/ul>\n<\/div>[\/vc_column][vc_column css_animation=\u00a0\u00bbfadeInRight\u00a0\u00bb width=\u00a0\u00bb1\/2&Prime; offset=\u00a0\u00bbvc_col-lg-6 vc_col-md-6 vc_col-xs-12&Prime; css=\u00a0\u00bb.vc_custom_1550154616298{padding-bottom: 50px !important;}\u00a0\u00bb]<style type=\"text\/css\" data-type=\"the7_shortcodes-inline-css\">.gallery-shortcode.gallery-masonry-shortcode-id-5370aae3be7a9c354d1a520aa572d802 figure,\n.gallery-shortcode.gallery-masonry-shortcode-id-5370aae3be7a9c354d1a520aa572d802 .rollover,\n.gallery-shortcode.gallery-masonry-shortcode-id-5370aae3be7a9c354d1a520aa572d802 img,\n.gallery-shortcode.gallery-masonry-shortcode-id-5370aae3be7a9c354d1a520aa572d802 .gallery-rollover {\n  border-radius: 0px;\n}\n.gallery-shortcode.gallery-masonry-shortcode-id-5370aae3be7a9c354d1a520aa572d802.enable-bg-rollover .gallery-rollover {\n  background: -webkit-linear-gradient();\n  background: linear-gradient();\n}\n.gallery-shortcode.gallery-masonry-shortcode-id-5370aae3be7a9c354d1a520aa572d802.enable-bg-rollover.hover-scale figure .rollover:after {\n  background: -webkit-linear-gradient();\n  background: linear-gradient();\n}\n.gallery-shortcode.gallery-masonry-shortcode-id-5370aae3be7a9c354d1a520aa572d802 .gallery-zoom-ico {\n  width: 44px;\n  height: 44px;\n  line-height: 44px;\n  border-radius: 100px;\n  margin: -22px 0 0 -22px;\n  border-width: 0px;\n  color: #ffffff;\n}\n.dt-icon-bg-on.gallery-shortcode.gallery-masonry-shortcode-id-5370aae3be7a9c354d1a520aa572d802 .gallery-zoom-ico {\n  background: rgba(255,255,255,0.3);\n  box-shadow: none;\n}\n.gallery-shortcode.gallery-masonry-shortcode-id-5370aae3be7a9c354d1a520aa572d802 .gallery-zoom-ico:before,\n.gallery-shortcode.gallery-masonry-shortcode-id-5370aae3be7a9c354d1a520aa572d802 .gallery-zoom-ico span {\n  font-size: 32px;\n  line-height: 44px;\n  color: #ffffff;\n}\n.gallery-shortcode.gallery-masonry-shortcode-id-5370aae3be7a9c354d1a520aa572d802:not(.resize-by-browser-width) .dt-css-grid {\n  grid-row-gap: 20px;\n  grid-column-gap: 20px;\n  grid-template-columns: repeat(auto-fill,minmax(,1fr));\n}\n.gallery-shortcode.gallery-masonry-shortcode-id-5370aae3be7a9c354d1a520aa572d802:not(.resize-by-browser-width) .dt-css-grid .double-width {\n  grid-column: span 2;\n}\n.cssgridlegacy.no-cssgrid .gallery-shortcode.gallery-masonry-shortcode-id-5370aae3be7a9c354d1a520aa572d802:not(.resize-by-browser-width) .dt-css-grid,\n.no-cssgridlegacy.no-cssgrid .gallery-shortcode.gallery-masonry-shortcode-id-5370aae3be7a9c354d1a520aa572d802:not(.resize-by-browser-width) .dt-css-grid {\n  display: flex;\n  flex-flow: row wrap;\n  margin: -10px;\n}\n.cssgridlegacy.no-cssgrid .gallery-shortcode.gallery-masonry-shortcode-id-5370aae3be7a9c354d1a520aa572d802:not(.resize-by-browser-width) .dt-css-grid .wf-cell,\n.no-cssgridlegacy.no-cssgrid .gallery-shortcode.gallery-masonry-shortcode-id-5370aae3be7a9c354d1a520aa572d802:not(.resize-by-browser-width) .dt-css-grid .wf-cell {\n  flex: 1 0 ;\n  max-width: 100%;\n  padding: 10px;\n  box-sizing: border-box;\n}\n.gallery-shortcode.gallery-masonry-shortcode-id-5370aae3be7a9c354d1a520aa572d802.resize-by-browser-width .dt-css-grid {\n  grid-template-columns: repeat(2,1fr);\n  grid-template-rows: auto;\n  grid-column-gap: 20px;\n  grid-row-gap: 20px;\n}\n.gallery-shortcode.gallery-masonry-shortcode-id-5370aae3be7a9c354d1a520aa572d802.resize-by-browser-width .dt-css-grid .double-width {\n  grid-column: span 2;\n}\n.cssgridlegacy.no-cssgrid .gallery-shortcode.gallery-masonry-shortcode-id-5370aae3be7a9c354d1a520aa572d802.resize-by-browser-width .dt-css-grid {\n  margin: -10px;\n}\n.cssgridlegacy.no-cssgrid .gallery-shortcode.gallery-masonry-shortcode-id-5370aae3be7a9c354d1a520aa572d802.resize-by-browser-width .dt-css-grid .wf-cell {\n  width: 50%;\n  padding: 10px;\n}\n.cssgridlegacy.no-cssgrid .gallery-shortcode.gallery-masonry-shortcode-id-5370aae3be7a9c354d1a520aa572d802.resize-by-browser-width .dt-css-grid .wf-cell.double-width {\n  width: calc(50%) * 2;\n}\n.gallery-shortcode.gallery-masonry-shortcode-id-5370aae3be7a9c354d1a520aa572d802.resize-by-browser-width:not(.centered-layout-list):not(.content-bg-on) .dt-css-grid {\n  grid-row-gap: 20px - ;\n}\n@media screen and (max-width: 1199px) {\n  .gallery-shortcode.gallery-masonry-shortcode-id-5370aae3be7a9c354d1a520aa572d802.resize-by-browser-width .dt-css-grid {\n    grid-template-columns: repeat(2,1fr);\n  }\n  .cssgridlegacy.no-cssgrid .gallery-shortcode.gallery-masonry-shortcode-id-5370aae3be7a9c354d1a520aa572d802.resize-by-browser-width .dt-css-grid .wf-cell,\n  .no-cssgridlegacy.no-cssgrid .gallery-shortcode.gallery-masonry-shortcode-id-5370aae3be7a9c354d1a520aa572d802.resize-by-browser-width .dt-css-grid .wf-cell {\n    width: 50%;\n  }\n  .cssgridlegacy.no-cssgrid .gallery-shortcode.gallery-masonry-shortcode-id-5370aae3be7a9c354d1a520aa572d802.resize-by-browser-width .dt-css-grid .wf-cell.double-width,\n  .no-cssgridlegacy.no-cssgrid .gallery-shortcode.gallery-masonry-shortcode-id-5370aae3be7a9c354d1a520aa572d802.resize-by-browser-width .dt-css-grid .wf-cell.double-width {\n    width: calc(50%)*2;\n  }\n}\n@media screen and (max-width: 991px) {\n  .gallery-shortcode.gallery-masonry-shortcode-id-5370aae3be7a9c354d1a520aa572d802.resize-by-browser-width .dt-css-grid {\n    grid-template-columns: repeat(2,1fr);\n  }\n  .cssgridlegacy.no-cssgrid .gallery-shortcode.gallery-masonry-shortcode-id-5370aae3be7a9c354d1a520aa572d802.resize-by-browser-width .dt-css-grid .wf-cell,\n  .no-cssgridlegacy.no-cssgrid .gallery-shortcode.gallery-masonry-shortcode-id-5370aae3be7a9c354d1a520aa572d802.resize-by-browser-width .dt-css-grid .wf-cell {\n    width: 50%;\n  }\n  .cssgridlegacy.no-cssgrid .gallery-shortcode.gallery-masonry-shortcode-id-5370aae3be7a9c354d1a520aa572d802.resize-by-browser-width .dt-css-grid .wf-cell.double-width,\n  .no-cssgridlegacy.no-cssgrid .gallery-shortcode.gallery-masonry-shortcode-id-5370aae3be7a9c354d1a520aa572d802.resize-by-browser-width .dt-css-grid .wf-cell.double-width {\n    width: calc(50%)*2;\n  }\n}\n@media screen and (max-width: 767px) {\n  .gallery-shortcode.gallery-masonry-shortcode-id-5370aae3be7a9c354d1a520aa572d802.resize-by-browser-width .dt-css-grid {\n    grid-template-columns: repeat(1,1fr);\n  }\n  .cssgridlegacy.no-cssgrid .gallery-shortcode.gallery-masonry-shortcode-id-5370aae3be7a9c354d1a520aa572d802.resize-by-browser-width .dt-css-grid .wf-cell,\n  .no-cssgridlegacy.no-cssgrid .gallery-shortcode.gallery-masonry-shortcode-id-5370aae3be7a9c354d1a520aa572d802.resize-by-browser-width .dt-css-grid .wf-cell {\n    width: 100%;\n  }\n  .cssgridlegacy.no-cssgrid .gallery-shortcode.gallery-masonry-shortcode-id-5370aae3be7a9c354d1a520aa572d802.resize-by-browser-width .dt-css-grid .wf-cell.double-width,\n  .no-cssgridlegacy.no-cssgrid .gallery-shortcode.gallery-masonry-shortcode-id-5370aae3be7a9c354d1a520aa572d802.resize-by-browser-width .dt-css-grid .wf-cell.double-width {\n    width: calc(100%)*2;\n  }\n}\n<\/style><div class=\"gallery-shortcode dt-gallery-container gallery-masonry-shortcode-id-5370aae3be7a9c354d1a520aa572d802 mode-masonry jquery-filter dt-icon-bg-off quick-scale-img enable-bg-rollover resize-by-browser-width  hover-fade loading-effect-none description-on-hover\" data-padding=\"10px\" data-cur-page=\"1\" data-post-limit=\"-1\" data-pagination-mode=\"none\" data-desktop-columns-num=\"2\" data-v-tablet-columns-num=\"2\" data-h-tablet-columns-num=\"2\" data-phone-columns-num=\"1\" data-width=\"0px\" data-columns=\"0\"><div class=\"iso-container\" ><div class=\"wf-cell iso-item\" data-post-id=\"2283\" data-date=\"2019-02-21T11:07:57+01:00\" data-name=\"DSC_5966\"><figure class=\"post visible\"><a href=\"https:\/\/casisasteel.com\/wp-content\/uploads\/2019\/02\/DSC_5966-2.jpg\" class=\"rollover dt-pswp-item layzr-bg\" data-large_image_width=\"788\" data-large_image_height=\"594\" data-dt-img-description=\"\" title=\"DSC_5966\"><img fetchpriority=\"high\" decoding=\"async\" class=\"preload-me iso-lazy-load aspect\" src=\"data:image\/svg+xml,%3Csvg%20xmlns%3D&#39;http%3A%2F%2Fwww.w3.org%2F2000%2Fsvg&#39;%20viewBox%3D&#39;0%200%20594%20594&#39;%2F%3E\" data-src=\"https:\/\/casisasteel.com\/wp-content\/uploads\/2019\/02\/DSC_5966-2-594x594.jpg\" data-srcset=\"https:\/\/casisasteel.com\/wp-content\/uploads\/2019\/02\/DSC_5966-2-594x594.jpg 594w\" loading=\"eager\" style=\"--ratio: 594 \/ 594\" sizes=\"(max-width: 594px) 100vw, 594px\" alt=\"\" width=\"594\" height=\"594\"  \/><span class=\"gallery-rollover\"><span class=\"gallery-zoom-ico icomoon-the7-font-the7-zoom-06\"><span><\/span><\/span><\/span><\/a><\/figure><\/div><div class=\"wf-cell iso-item\" data-post-id=\"2278\" data-date=\"2019-02-19T11:31:54+01:00\" data-name=\"ARCELOR MITTAL CASISA\"><figure class=\"post visible\"><a href=\"https:\/\/casisasteel.com\/wp-content\/uploads\/2019\/02\/DSC_5769.jpg\" class=\"rollover dt-pswp-item layzr-bg\" data-large_image_width=\"1150\" data-large_image_height=\"768\" data-dt-img-description=\"\" title=\"ARCELOR MITTAL CASISA\"><img decoding=\"async\" class=\"preload-me iso-lazy-load aspect\" src=\"data:image\/svg+xml,%3Csvg%20xmlns%3D&#39;http%3A%2F%2Fwww.w3.org%2F2000%2Fsvg&#39;%20viewBox%3D&#39;0%200%20768%20768&#39;%2F%3E\" data-src=\"https:\/\/casisasteel.com\/wp-content\/uploads\/2019\/02\/DSC_5769-768x768.jpg\" data-srcset=\"https:\/\/casisasteel.com\/wp-content\/uploads\/2019\/02\/DSC_5769-768x768.jpg 768w\" loading=\"eager\" style=\"--ratio: 768 \/ 768\" sizes=\"(max-width: 768px) 100vw, 768px\" alt=\"\" width=\"768\" height=\"768\"  \/><span class=\"gallery-rollover\"><span class=\"gallery-zoom-ico icomoon-the7-font-the7-zoom-06\"><span><\/span><\/span><\/span><\/a><\/figure><\/div><div class=\"wf-cell iso-item\" data-post-id=\"2280\" data-date=\"2019-02-19T16:00:25+01:00\" data-name=\"ARCELOR MITTAL CASISA\"><figure class=\"post visible\"><a href=\"https:\/\/casisasteel.com\/wp-content\/uploads\/2019\/02\/DSC_5975.jpg\" class=\"rollover dt-pswp-item layzr-bg\" data-large_image_width=\"1150\" data-large_image_height=\"768\" data-dt-img-description=\"\" title=\"ARCELOR MITTAL CASISA\"><img decoding=\"async\" class=\"preload-me iso-lazy-load aspect\" src=\"data:image\/svg+xml,%3Csvg%20xmlns%3D&#39;http%3A%2F%2Fwww.w3.org%2F2000%2Fsvg&#39;%20viewBox%3D&#39;0%200%20768%20768&#39;%2F%3E\" data-src=\"https:\/\/casisasteel.com\/wp-content\/uploads\/2019\/02\/DSC_5975-768x768.jpg\" data-srcset=\"https:\/\/casisasteel.com\/wp-content\/uploads\/2019\/02\/DSC_5975-768x768.jpg 768w\" loading=\"eager\" style=\"--ratio: 768 \/ 768\" sizes=\"(max-width: 768px) 100vw, 768px\" alt=\"\" width=\"768\" height=\"768\"  \/><span class=\"gallery-rollover\"><span class=\"gallery-zoom-ico icomoon-the7-font-the7-zoom-06\"><span><\/span><\/span><\/span><\/a><\/figure><\/div><div class=\"wf-cell iso-item\" data-post-id=\"2281\" data-date=\"2019-02-19T16:00:30+01:00\" data-name=\"ARCELOR MITTAL CASISA\"><figure class=\"post visible\"><a href=\"https:\/\/casisasteel.com\/wp-content\/uploads\/2019\/02\/DSC_6032.jpg\" class=\"rollover dt-pswp-item layzr-bg\" data-large_image_width=\"1150\" data-large_image_height=\"768\" data-dt-img-description=\"\" title=\"ARCELOR MITTAL CASISA\"><img decoding=\"async\" class=\"preload-me iso-lazy-load aspect\" src=\"data:image\/svg+xml,%3Csvg%20xmlns%3D&#39;http%3A%2F%2Fwww.w3.org%2F2000%2Fsvg&#39;%20viewBox%3D&#39;0%200%20768%20768&#39;%2F%3E\" data-src=\"https:\/\/casisasteel.com\/wp-content\/uploads\/2019\/02\/DSC_6032-768x768.jpg\" data-srcset=\"https:\/\/casisasteel.com\/wp-content\/uploads\/2019\/02\/DSC_6032-768x768.jpg 768w\" loading=\"eager\" style=\"--ratio: 768 \/ 768\" sizes=\"(max-width: 768px) 100vw, 768px\" alt=\"\" width=\"768\" height=\"768\"  \/><span class=\"gallery-rollover\"><span class=\"gallery-zoom-ico icomoon-the7-font-the7-zoom-06\"><span><\/span><\/span><\/span><\/a><\/figure><\/div><\/div><!-- iso-container|iso-grid --><\/div>[\/vc_column][\/vc_row]<\/p>\n<\/div>","protected":false},"excerpt":{"rendered":"<p>[vc_row type=\u00a0\u00bbvc_default\u00a0\u00bb css=\u00a0\u00bb.vc_custom_1476008791393{padding-top: 70px !important;padding-bottom: 25px !important;}\u00a0\u00bb][vc_column css_animation=\u00a0\u00bbfadeInLeft\u00a0\u00bb width=\u00a0\u00bb1\/2&Prime; offset=\u00a0\u00bbvc_col-lg-6 vc_col-md-6 vc_col-xs-12&Prime; css=\u00a0\u00bb.vc_custom_1550154605663{padding-bottom: 50px !important;}\u00a0\u00bb][\/vc_column][vc_column css_animation=\u00a0\u00bbfadeInRight\u00a0\u00bb width=\u00a0\u00bb1\/2&Prime; offset=\u00a0\u00bbvc_col-lg-6 vc_col-md-6 vc_col-xs-12&Prime; css=\u00a0\u00bb.vc_custom_1550154616298{padding-bottom: 50px !important;}\u00a0\u00bb][\/vc_column][\/vc_row]<\/p>\n","protected":false},"author":2,"featured_media":0,"parent":2163,"menu_order":0,"comment_status":"closed","ping_status":"closed","template":"","meta":{"jetpack_post_was_ever_published":false,"footnotes":""},"class_list":["post-2170","page","type-page","status-publish","hentry","description-off"],"jetpack_sharing_enabled":true,"jetpack_shortlink":"https:\/\/wp.me\/Pb6mSq-z0","_links":{"self":[{"href":"https:\/\/casisasteel.com\/fr\/wp-json\/wp\/v2\/pages\/2170","targetHints":{"allow":["GET"]}}],"collection":[{"href":"https:\/\/casisasteel.com\/fr\/wp-json\/wp\/v2\/pages"}],"about":[{"href":"https:\/\/casisasteel.com\/fr\/wp-json\/wp\/v2\/types\/page"}],"author":[{"embeddable":true,"href":"https:\/\/casisasteel.com\/fr\/wp-json\/wp\/v2\/users\/2"}],"replies":[{"embeddable":true,"href":"https:\/\/casisasteel.com\/fr\/wp-json\/wp\/v2\/comments?post=2170"}],"version-history":[{"count":7,"href":"https:\/\/casisasteel.com\/fr\/wp-json\/wp\/v2\/pages\/2170\/revisions"}],"predecessor-version":[{"id":2645,"href":"https:\/\/casisasteel.com\/fr\/wp-json\/wp\/v2\/pages\/2170\/revisions\/2645"}],"up":[{"embeddable":true,"href":"https:\/\/casisasteel.com\/fr\/wp-json\/wp\/v2\/pages\/2163"}],"wp:attachment":[{"href":"https:\/\/casisasteel.com\/fr\/wp-json\/wp\/v2\/media?parent=2170"}],"curies":[{"name":"wp","href":"https:\/\/api.w.org\/{rel}","templated":true}]}}