{"id":2164,"date":"2019-02-13T14:34:51","date_gmt":"2019-02-13T13:34:51","guid":{"rendered":"https:\/\/casisasteel.com\/nuestra-oferta\/gama-de-productos\/"},"modified":"2019-04-11T10:26:29","modified_gmt":"2019-04-11T08:26:29","slug":"notre-gamme-de-produits","status":"publish","type":"page","link":"https:\/\/casisasteel.com\/fr\/notre-offre\/notre-gamme-de-produits\/","title":{"rendered":"Notre gamme de produits"},"content":{"rendered":"<div class=\"wpb-content-wrapper\"><p>[vc_row type=\u00a0\u00bbvc_default\u00a0\u00bb css=\u00a0\u00bb.vc_custom_1476008791393{padding-top: 70px !important;padding-bottom: 25px !important;}\u00a0\u00bb][vc_column css_animation=\u00a0\u00bbfadeInLeft\u00a0\u00bb width=\u00a0\u00bb1\/2&Prime; offset=\u00a0\u00bbvc_col-lg-6 vc_col-md-6 vc_col-xs-12&Prime; css=\u00a0\u00bb.vc_custom_1550154605663{padding-bottom: 50px !important;}\u00a0\u00bb]<div id=\"ultimate-heading-543069f59d71b09ac\" class=\"uvc-heading ult-adjust-bottom-margin ultimate-heading-543069f59d71b09ac uvc-6166 \" data-hspacer=\"no_spacer\"  data-halign=\"left\" style=\"text-align:left\"><div class=\"uvc-heading-spacer no_spacer\" style=\"top\"><\/div><div class=\"uvc-main-heading ult-responsive\"  data-ultimate-target='.uvc-heading.ultimate-heading-543069f59d71b09ac h2'  data-responsive-json-new='{\"font-size\":\"desktop:26px;\",\"line-height\":\"desktop:32px;\"}' ><h2 style=\"font-weight:bold;margin-bottom:20px;\">NOTRE GAMME DE PRODUITS<\/h2><\/div><\/div>[vc_column_text]<strong>CASISA<\/strong> offre une gamme compl\u00e8te d\u2019aciers pour la fabrication d\u2019emballages.<\/p>\n<p>Outre les \u00ab\u00a0classiques\u00a0\u00bb de simple et double r\u00e9duction nous disposons de solutions plus modernes optimisant les fonctions d\u2019allongement et de ductilit\u00e9.<br \/>\nTous les types de rev\u00eatement sont propos\u00e9s.<\/p>\n<p><strong>Ferblanc\u2013TFS\u2013Aciers vernis<\/strong>[\/vc_column_text][\/vc_column][vc_column css_animation=\u00a0\u00bbfadeInRight\u00a0\u00bb width=\u00a0\u00bb1\/2&Prime; offset=\u00a0\u00bbvc_col-lg-6 vc_col-md-6 vc_col-xs-12&Prime; css=\u00a0\u00bb.vc_custom_1550154616298{padding-bottom: 50px !important;}\u00a0\u00bb][vc_single_image image=\u00a0\u00bb2275&Prime; img_size=\u00a0\u00bbfull\u00a0\u00bb onclick=\u00a0\u00bblink_image\u00a0\u00bb][\/vc_column][\/vc_row]<\/p>\n<\/div>","protected":false},"excerpt":{"rendered":"<p>[vc_row type=\u00a0\u00bbvc_default\u00a0\u00bb css=\u00a0\u00bb.vc_custom_1476008791393{padding-top: 70px !important;padding-bottom: 25px !important;}\u00a0\u00bb][vc_column css_animation=\u00a0\u00bbfadeInLeft\u00a0\u00bb width=\u00a0\u00bb1\/2&Prime; offset=\u00a0\u00bbvc_col-lg-6 vc_col-md-6 vc_col-xs-12&Prime; css=\u00a0\u00bb.vc_custom_1550154605663{padding-bottom: 50px !important;}\u00a0\u00bb][vc_column_text]CASISA offre une gamme compl\u00e8te d\u2019aciers pour la fabrication d\u2019emballages. Outre les \u00ab\u00a0classiques\u00a0\u00bb de simple et double r\u00e9duction nous disposons de solutions plus modernes optimisant les fonctions d\u2019allongement et de ductilit\u00e9. Tous les types de rev\u00eatement sont propos\u00e9s. Ferblanc\u2013TFS\u2013Aciers vernis[\/vc_column_text][\/vc_column][vc_column css_animation=\u00a0\u00bbfadeInRight\u00a0\u00bb&hellip;<\/p>\n","protected":false},"author":2,"featured_media":0,"parent":2163,"menu_order":0,"comment_status":"closed","ping_status":"closed","template":"","meta":{"jetpack_post_was_ever_published":false,"footnotes":""},"class_list":["post-2164","page","type-page","status-publish","hentry","description-off"],"jetpack_sharing_enabled":true,"jetpack_shortlink":"https:\/\/wp.me\/Pb6mSq-yU","_links":{"self":[{"href":"https:\/\/casisasteel.com\/fr\/wp-json\/wp\/v2\/pages\/2164","targetHints":{"allow":["GET"]}}],"collection":[{"href":"https:\/\/casisasteel.com\/fr\/wp-json\/wp\/v2\/pages"}],"about":[{"href":"https:\/\/casisasteel.com\/fr\/wp-json\/wp\/v2\/types\/page"}],"author":[{"embeddable":true,"href":"https:\/\/casisasteel.com\/fr\/wp-json\/wp\/v2\/users\/2"}],"replies":[{"embeddable":true,"href":"https:\/\/casisasteel.com\/fr\/wp-json\/wp\/v2\/comments?post=2164"}],"version-history":[{"count":6,"href":"https:\/\/casisasteel.com\/fr\/wp-json\/wp\/v2\/pages\/2164\/revisions"}],"predecessor-version":[{"id":2644,"href":"https:\/\/casisasteel.com\/fr\/wp-json\/wp\/v2\/pages\/2164\/revisions\/2644"}],"up":[{"embeddable":true,"href":"https:\/\/casisasteel.com\/fr\/wp-json\/wp\/v2\/pages\/2163"}],"wp:attachment":[{"href":"https:\/\/casisasteel.com\/fr\/wp-json\/wp\/v2\/media?parent=2164"}],"curies":[{"name":"wp","href":"https:\/\/api.w.org\/{rel}","templated":true}]}}